{"id":904,"date":"2025-07-30T14:17:14","date_gmt":"2025-07-30T14:17:14","guid":{"rendered":"https:\/\/dadouda-musiclive.fr\/travail\/jjg\/"},"modified":"2025-08-03T16:42:29","modified_gmt":"2025-08-03T16:42:29","slug":"jjg","status":"publish","type":"page","link":"https:\/\/dadouda-musiclive.fr\/travail\/jjg\/","title":{"rendered":"JJG"},"content":{"rendered":"\n<div class=\"wp-block-cover alignfull\" style=\"padding-top:0;padding-right:0;padding-bottom:0;padding-left:0\"><span aria-hidden=\"true\" class=\"wp-block-cover__background has-background-dim-100 has-background-dim has-background-gradient\" style=\"background:linear-gradient(135deg,rgb(72,100,131) 0%,rgb(28,32,37) 100%)\"><\/span><div class=\"wp-block-cover__inner-container is-layout-flow wp-block-cover-is-layout-flow\">\n<div class=\"wp-block-group alignfull is-style-default has-global-padding is-layout-constrained wp-container-core-group-is-layout-80cfed9e wp-block-group-is-layout-constrained has-background\" style=\"border-style:none;border-width:0px;border-radius:0px;min-height:0px;margin-top:0;margin-bottom:0;padding-top:var(--wp--preset--spacing--50);padding-right:0;padding-bottom:var(--wp--preset--spacing--50);padding-left:0;background-image:url(&#039;http:\/\/dadouda-musiclive.fr\/travail\/wp-content\/uploads\/sites\/5\/2025\/08\/Fond-de-page.jpg&#039;);background-size:cover;\">\n<div class=\"wp-block-group alignwide has-global-padding is-layout-constrained wp-block-group-is-layout-constrained\">\n<figure class=\"wp-block-image aligncenter size-large is-resized\" style=\"margin-top:0\"><img fetchpriority=\"high\" decoding=\"async\" width=\"1024\" height=\"464\" src=\"http:\/\/dadouda-musiclive.fr\/travail\/wp-content\/uploads\/sites\/5\/2025\/07\/Logo_VIGNETTE-1024x464.png\" alt=\"\" class=\"wp-image-892\" style=\"width:480px;height:auto\" srcset=\"https:\/\/dadouda-musiclive.fr\/travail\/wp-content\/uploads\/sites\/5\/2025\/07\/Logo_VIGNETTE-1024x464.png 1024w, https:\/\/dadouda-musiclive.fr\/travail\/wp-content\/uploads\/sites\/5\/2025\/07\/Logo_VIGNETTE-300x136.png 300w, https:\/\/dadouda-musiclive.fr\/travail\/wp-content\/uploads\/sites\/5\/2025\/07\/Logo_VIGNETTE-768x348.png 768w, https:\/\/dadouda-musiclive.fr\/travail\/wp-content\/uploads\/sites\/5\/2025\/07\/Logo_VIGNETTE-1536x697.png 1536w, https:\/\/dadouda-musiclive.fr\/travail\/wp-content\/uploads\/sites\/5\/2025\/07\/Logo_VIGNETTE-2048x929.png 2048w\" sizes=\"(max-width: 1024px) 100vw, 1024px\" \/><\/figure>\n<\/div>\n\n\n\n<h2 class=\"wp-block-heading has-text-align-center has-text-color has-link-color wp-elements-7239738a6d992f4f5d55582e07fc7503\" style=\"color:#ffbf00;font-size:clamp(15.747px, 0.984rem + ((1vw - 3.2px) * 0.938), 24px);\"><strong>Un concert de Jean Jacques Goldman,<br>comme si vous y \u00e9tiez&#8230; Un hommage ultime.<\/strong><\/h2>\n\n\n\n<p class=\"has-text-color has-link-color wp-elements-5f92b0a791d7416835797ccd262080e6\" style=\"color:#ffffff\"><br>Un jour, six copains musiciens, r\u00eavaient d\u2019interpr\u00e9ter les chansons de Jean-Jacques Goldman sur sc\u00e8ne. Et la vie les a s\u00e9par\u00e9s. Ils ont accompagn\u00e9 de grands artistes, dans le monde entier, sur des centaines de sc\u00e8nes. Mais jamais ensemble. Et jamais autour des chansons de J. J. G.<br>Puis un matin, ils d\u00e9cident de se r\u00e9unir, enfin\u2026 ! Pour jouer, pour partager, pour prendre un plaisir immense \u00e0 faire revivre ces chansons, ensemble, devant un public\u2026 Enfin ! C\u2019est dans ce contexte qu\u2019est n\u00e9 Je Joue Goldman.<\/p>\n\n\n\n<p class=\"has-text-color has-link-color wp-elements-f0e6f70a0e8ccc1005e9e3bf44a9ecdc\" style=\"color:#ffffff\">Ce nom n\u2019est pas choisi au hasard. Car si vous avez l\u2019impression d\u2019assister \u00e0 un v\u00e9ritable concert de Jean-Jacques Goldman comme si vous y \u00e9tiez, il y a un truc en plus\u2026 une signature, bien \u00e0 eux : la promesse de six potes musiciens qui r\u00eavaient de jouer du Goldman, de partager leur amour pour ces chansons avec le public. Chanter et vibrer avec lui\u2026<\/p>\n<\/div>\n<\/div><\/div>\n\n\n\n<div class=\"wp-block-group alignfull has-background has-global-padding is-layout-constrained wp-container-core-group-is-layout-42da4b3f wp-block-group-is-layout-constrained\" style=\"background-color:#162830;margin-top:0;margin-bottom:0;padding-top:0;padding-bottom:0\">\n<div class=\"wp-block-group has-global-padding is-layout-constrained wp-block-group-is-layout-constrained\" style=\"padding-top:var(--wp--preset--spacing--70);padding-bottom:var(--wp--preset--spacing--40)\"><style type=\"text\/css\">\n#foogallery-gallery-1049 .fg-image { width: 200px; }\n#foogallery-gallery-1049 { --fg-gutter: 10px; }<\/style>\n\t\t\t<div class=\"foogallery foogallery-container foogallery-default foogallery-lightbox-foobox fg-center fg-m-col3 fg-default fg-ready fg-dark fg-round-large fg-shadow-large fg-loading-trail fg-loaded-flip fg-hover-colorize fg-hover-scale fg-caption-hover fg-hover-fade fg-hover-eye fg-c-c\" id=\"foogallery-gallery-1049\" data-foogallery=\"{&quot;item&quot;:{&quot;showCaptionTitle&quot;:false,&quot;showCaptionDescription&quot;:false},&quot;lazy&quot;:true}\" style=\"--fg-title-line-clamp: 0; --fg-description-line-clamp: 0;\" >\n\t<div class=\"fg-item fg-type-image fg-idle\"><figure class=\"fg-item-inner\"><a href=\"https:\/\/dadouda-musiclive.fr\/travail\/wp-content\/uploads\/sites\/5\/2025\/07\/RESIDENCE-NB.jpg\" data-attachment-id=\"885\" data-e-disable-page-transition=\"true\" data-type=\"image\" class=\"fg-thumb\"><span class=\"fg-image-wrap\"><img decoding=\"async\" width=\"200\" height=\"200\" class=\"skip-lazy fg-image\" data-src-fg=\"https:\/\/dadouda-musiclive.fr\/travail\/wp-content\/uploads\/sites\/5\/cache\/2025\/07\/RESIDENCE-NB\/155488625.jpg\" src=\"data:image\/svg+xml,%3Csvg%20xmlns%3D%22http%3A%2F%2Fwww.w3.org%2F2000%2Fsvg%22%20width%3D%22200%22%20height%3D%22200%22%20viewBox%3D%220%200%20200%20200%22%3E%3C%2Fsvg%3E\" loading=\"eager\"><\/span><span class=\"fg-image-overlay\"><\/span><\/a><\/figure><div class=\"fg-loader\"><\/div><\/div><div class=\"fg-item fg-type-image fg-idle\"><figure class=\"fg-item-inner\"><a href=\"https:\/\/dadouda-musiclive.fr\/travail\/wp-content\/uploads\/sites\/5\/2025\/07\/Photo-Live_retouche_Logo_Ok.jpg\" data-attachment-id=\"886\" data-e-disable-page-transition=\"true\" data-type=\"image\" class=\"fg-thumb\"><span class=\"fg-image-wrap\"><img decoding=\"async\" width=\"200\" height=\"200\" class=\"skip-lazy fg-image\" data-src-fg=\"https:\/\/dadouda-musiclive.fr\/travail\/wp-content\/uploads\/sites\/5\/cache\/2025\/07\/Photo-Live_retouche_Logo_Ok\/2238109909.jpg\" src=\"data:image\/svg+xml,%3Csvg%20xmlns%3D%22http%3A%2F%2Fwww.w3.org%2F2000%2Fsvg%22%20width%3D%22200%22%20height%3D%22200%22%20viewBox%3D%220%200%20200%20200%22%3E%3C%2Fsvg%3E\" loading=\"eager\"><\/span><span class=\"fg-image-overlay\"><\/span><\/a><\/figure><div class=\"fg-loader\"><\/div><\/div><div class=\"fg-item fg-type-image fg-idle\"><figure class=\"fg-item-inner\"><a href=\"https:\/\/dadouda-musiclive.fr\/travail\/wp-content\/uploads\/sites\/5\/2025\/07\/IMG_7530-scaled.jpg\" data-attachment-id=\"884\" data-e-disable-page-transition=\"true\" data-type=\"image\" class=\"fg-thumb\"><span class=\"fg-image-wrap\"><img decoding=\"async\" width=\"200\" height=\"200\" class=\"skip-lazy fg-image\" data-src-fg=\"https:\/\/dadouda-musiclive.fr\/travail\/wp-content\/uploads\/sites\/5\/cache\/2025\/07\/IMG_7530-scaled\/1512541408.jpg\" src=\"data:image\/svg+xml,%3Csvg%20xmlns%3D%22http%3A%2F%2Fwww.w3.org%2F2000%2Fsvg%22%20width%3D%22200%22%20height%3D%22200%22%20viewBox%3D%220%200%20200%20200%22%3E%3C%2Fsvg%3E\" loading=\"eager\"><\/span><span class=\"fg-image-overlay\"><\/span><\/a><\/figure><div class=\"fg-loader\"><\/div><\/div><div class=\"fg-item fg-type-image fg-idle\"><figure class=\"fg-item-inner\"><a href=\"https:\/\/dadouda-musiclive.fr\/travail\/wp-content\/uploads\/sites\/5\/2025\/07\/WhatsApp-Image-2025-07-19-at-16.12.58-scaled.jpeg\" data-attachment-id=\"883\" data-e-disable-page-transition=\"true\" data-type=\"image\" class=\"fg-thumb\"><span class=\"fg-image-wrap\"><img decoding=\"async\" width=\"200\" height=\"200\" class=\"skip-lazy fg-image\" data-src-fg=\"https:\/\/dadouda-musiclive.fr\/travail\/wp-content\/uploads\/sites\/5\/cache\/2025\/07\/WhatsApp-Image-2025-07-19-at-16_12_58-scaled\/2010904940.jpeg\" src=\"data:image\/svg+xml,%3Csvg%20xmlns%3D%22http%3A%2F%2Fwww.w3.org%2F2000%2Fsvg%22%20width%3D%22200%22%20height%3D%22200%22%20viewBox%3D%220%200%20200%20200%22%3E%3C%2Fsvg%3E\" loading=\"eager\"><\/span><span class=\"fg-image-overlay\"><\/span><\/a><\/figure><div class=\"fg-loader\"><\/div><\/div><div class=\"fg-item fg-type-image fg-idle\"><figure class=\"fg-item-inner\"><a href=\"https:\/\/dadouda-musiclive.fr\/travail\/wp-content\/uploads\/sites\/5\/2025\/07\/AFFICHE-JJG-SD.jpg\" data-attachment-id=\"882\" data-e-disable-page-transition=\"true\" data-type=\"image\" class=\"fg-thumb\"><span class=\"fg-image-wrap\"><img decoding=\"async\" width=\"200\" height=\"200\" class=\"skip-lazy fg-image\" data-src-fg=\"https:\/\/dadouda-musiclive.fr\/travail\/wp-content\/uploads\/sites\/5\/cache\/2025\/07\/AFFICHE-JJG-SD\/2366029189.jpg\" src=\"data:image\/svg+xml,%3Csvg%20xmlns%3D%22http%3A%2F%2Fwww.w3.org%2F2000%2Fsvg%22%20width%3D%22200%22%20height%3D%22200%22%20viewBox%3D%220%200%20200%20200%22%3E%3C%2Fsvg%3E\" loading=\"eager\"><\/span><span class=\"fg-image-overlay\"><\/span><\/a><\/figure><div class=\"fg-loader\"><\/div><\/div><\/div>\n<\/div>\n\n\n\n<div class=\"wp-block-group alignfull has-background has-global-padding is-layout-constrained wp-block-group-is-layout-constrained\" style=\"background-color:#0b161b\">\n<div class=\"wp-block-columns is-layout-flex wp-container-core-columns-is-layout-75a9c1d5 wp-block-columns-is-layout-flex\" style=\"margin-top:0;margin-bottom:0;padding-top:var(--wp--preset--spacing--40);padding-right:0;padding-bottom:var(--wp--preset--spacing--40);padding-left:0\">\n<div class=\"wp-block-column is-layout-flow wp-block-column-is-layout-flow\" style=\"flex-basis:100%\">\n<figure class=\"wp-block-embed aligncenter is-type-video is-provider-youtube wp-block-embed-youtube wp-embed-aspect-16-9 wp-has-aspect-ratio\"><div class=\"wp-block-embed__wrapper\">\n<iframe title=\"Je Joue Goldman - Session Studio - Medley\" width=\"500\" height=\"281\" src=\"https:\/\/www.youtube.com\/embed\/O6gWH2FC0OE?feature=oembed\" frameborder=\"0\" allow=\"accelerometer; autoplay; clipboard-write; encrypted-media; gyroscope; picture-in-picture; web-share\" referrerpolicy=\"strict-origin-when-cross-origin\" allowfullscreen><\/iframe>\n<\/div><\/figure>\n<\/div>\n\n\n\n<div class=\"wp-block-column is-vertically-aligned-center is-layout-flow wp-block-column-is-layout-flow\" style=\"flex-basis:100%\">\n<figure class=\"wp-block-embed aligncenter is-type-video is-provider-youtube wp-block-embed-youtube wp-embed-aspect-16-9 wp-has-aspect-ratio\"><div class=\"wp-block-embed__wrapper\">\n<iframe title=\"JJG - Teaser concert 14 Juillet 2025 (Goussainville)\" width=\"500\" height=\"281\" src=\"https:\/\/www.youtube.com\/embed\/TE1HuW_MELM?feature=oembed\" frameborder=\"0\" allow=\"accelerometer; autoplay; clipboard-write; encrypted-media; gyroscope; picture-in-picture; web-share\" referrerpolicy=\"strict-origin-when-cross-origin\" allowfullscreen><\/iframe>\n<\/div><\/figure>\n<\/div>\n<\/div>\n\n\n\n<div class=\"wp-block-buttons is-horizontal is-content-justification-center is-layout-flex wp-container-core-buttons-is-layout-022ec14f wp-block-buttons-is-layout-flex\" style=\"border-style:none;border-width:0px;border-radius:0px;margin-top:0.8rem;padding-top:var(--wp--preset--spacing--30);padding-right:0;padding-bottom:var(--wp--preset--spacing--60);padding-left:0\">\n<div class=\"wp-block-button has-custom-width wp-block-button__width-50 is-style-fill\"><a class=\"wp-block-button__link has-luminous-vivid-amber-to-luminous-vivid-orange-gradient-background has-text-color has-background has-ibm-plex-sans-font-family has-custom-font-size wp-element-button\" href=\"https:\/\/dadouda-musiclive.fr\/travail\/contact\/\" style=\"border-style:none;border-width:0px;border-radius:13.52rem;color:#fffffd;padding-top:0.71rem;padding-right:0.31rem;padding-bottom:0.71rem;padding-left:0.31rem;font-size:clamp(14px, 0.875rem + ((1vw - 3.2px) * 0.455), 18px);font-style:normal;font-weight:400;line-height:1.5;text-transform:capitalize\">Demander un devis<\/a><\/div>\n<\/div>\n<\/div>\n<\/div>\n","protected":false},"excerpt":{"rendered":"","protected":false},"author":1,"featured_media":0,"parent":0,"menu_order":0,"comment_status":"closed","ping_status":"closed","template":"","meta":{"footnotes":""},"class_list":["post-904","page","type-page","status-publish","hentry"],"_links":{"self":[{"href":"https:\/\/dadouda-musiclive.fr\/travail\/wp-json\/wp\/v2\/pages\/904","targetHints":{"allow":["GET"]}}],"collection":[{"href":"https:\/\/dadouda-musiclive.fr\/travail\/wp-json\/wp\/v2\/pages"}],"about":[{"href":"https:\/\/dadouda-musiclive.fr\/travail\/wp-json\/wp\/v2\/types\/page"}],"author":[{"embeddable":true,"href":"https:\/\/dadouda-musiclive.fr\/travail\/wp-json\/wp\/v2\/users\/1"}],"replies":[{"embeddable":true,"href":"https:\/\/dadouda-musiclive.fr\/travail\/wp-json\/wp\/v2\/comments?post=904"}],"version-history":[{"count":26,"href":"https:\/\/dadouda-musiclive.fr\/travail\/wp-json\/wp\/v2\/pages\/904\/revisions"}],"predecessor-version":[{"id":1056,"href":"https:\/\/dadouda-musiclive.fr\/travail\/wp-json\/wp\/v2\/pages\/904\/revisions\/1056"}],"wp:attachment":[{"href":"https:\/\/dadouda-musiclive.fr\/travail\/wp-json\/wp\/v2\/media?parent=904"}],"curies":[{"name":"wp","href":"https:\/\/api.w.org\/{rel}","templated":true}]}}