{"id":864,"date":"2025-07-30T11:56:16","date_gmt":"2025-07-30T11:56:16","guid":{"rendered":"https:\/\/dadouda-musiclive.fr\/travail\/tribute-band\/"},"modified":"2025-10-27T14:34:54","modified_gmt":"2025-10-27T14:34:54","slug":"tribute-band","status":"publish","type":"page","link":"https:\/\/dadouda-musiclive.fr\/travail\/tribute-band\/","title":{"rendered":"Tribute Band"},"content":{"rendered":"\n<div class=\"wp-block-cover alignfull has-young-serif-regular-font-family wp-duotone-grayscale\" style=\"margin-top:0;margin-bottom:0;padding-top:0px;padding-bottom:0px;min-height:143px;aspect-ratio:unset;\"><img fetchpriority=\"high\" decoding=\"async\" width=\"1024\" height=\"684\" class=\"wp-block-cover__image-background wp-image-866 size-large\" alt=\"\" src=\"http:\/\/dadouda-musiclive.fr\/travail\/wp-content\/uploads\/sites\/5\/2025\/07\/Bandeau-Tribute-1024x684.jpg\" style=\"object-position:55% 79%\" data-object-fit=\"cover\" data-object-position=\"55% 79%\" srcset=\"https:\/\/dadouda-musiclive.fr\/travail\/wp-content\/uploads\/sites\/5\/2025\/07\/Bandeau-Tribute-1024x684.jpg 1024w, https:\/\/dadouda-musiclive.fr\/travail\/wp-content\/uploads\/sites\/5\/2025\/07\/Bandeau-Tribute-300x200.jpg 300w, https:\/\/dadouda-musiclive.fr\/travail\/wp-content\/uploads\/sites\/5\/2025\/07\/Bandeau-Tribute-768x513.jpg 768w, https:\/\/dadouda-musiclive.fr\/travail\/wp-content\/uploads\/sites\/5\/2025\/07\/Bandeau-Tribute-1536x1025.jpg 1536w, https:\/\/dadouda-musiclive.fr\/travail\/wp-content\/uploads\/sites\/5\/2025\/07\/Bandeau-Tribute.jpg 2000w\" sizes=\"(max-width: 1024px) 100vw, 1024px\" \/><span aria-hidden=\"true\" class=\"wp-block-cover__background has-background-dim-80 has-background-dim\" style=\"background-color:#192f3b\"><\/span><div class=\"wp-block-cover__inner-container has-global-padding is-layout-constrained wp-container-core-cover-is-layout-8443115b wp-block-cover-is-layout-constrained\">\n<div class=\"wp-block-columns is-layout-flex wp-container-core-columns-is-layout-28f84493 wp-block-columns-is-layout-flex\">\n<div class=\"wp-block-column has-global-padding is-layout-constrained wp-container-core-column-is-layout-a3a278f9 wp-block-column-is-layout-constrained\" style=\"padding-bottom:var(--wp--preset--spacing--50);flex-basis:100%\">\n<div class=\"wp-block-columns is-layout-flex wp-container-core-columns-is-layout-28f84493 wp-block-columns-is-layout-flex\">\n<div class=\"wp-block-column is-layout-flow wp-container-core-column-is-layout-92d440f1 wp-block-column-is-layout-flow\" style=\"padding-top:0;padding-bottom:0;flex-basis:100%\">\n<figure class=\"wp-block-image aligncenter size-full\" style=\"margin-top:var(--wp--preset--spacing--40);margin-bottom:0\"><img decoding=\"async\" width=\"800\" height=\"167\" src=\"https:\/\/dadouda-musiclive.fr\/travail\/wp-content\/uploads\/sites\/5\/2025\/07\/Tribute-Band.png\" alt=\"\" class=\"wp-image-868\" srcset=\"https:\/\/dadouda-musiclive.fr\/travail\/wp-content\/uploads\/sites\/5\/2025\/07\/Tribute-Band.png 800w, https:\/\/dadouda-musiclive.fr\/travail\/wp-content\/uploads\/sites\/5\/2025\/07\/Tribute-Band-300x63.png 300w, https:\/\/dadouda-musiclive.fr\/travail\/wp-content\/uploads\/sites\/5\/2025\/07\/Tribute-Band-768x160.png 768w\" sizes=\"(max-width: 800px) 100vw, 800px\" \/><\/figure>\n<\/div>\n<\/div>\n\n\n\n<div class=\"wp-block-columns is-layout-flex wp-container-core-columns-is-layout-28f84493 wp-block-columns-is-layout-flex\">\n<div class=\"wp-block-column is-layout-flow wp-block-column-is-layout-flow\" style=\"padding-top:0;padding-bottom:0;flex-basis:100%\">\n<p class=\"has-archivo-font-family\" style=\"font-size:clamp(14px, 0.875rem + ((1vw - 3.2px) * 0.227), 16px);\">(Re) vivez l\u2019\u00e9motion des plus grands noms de la musique \u00e0 travers des concerts hommage soigneusement produits, du duo acoustique feutr\u00e9 au groupe complet en version live puissante.<br>Nos artistes revisitent fid\u00e8lement les r\u00e9pertoires embl\u00e9matiques de chanteurs et groupes mythiques : Queen, Amy Winehouse, Coldplay, The Beatles ou encore, Jean Jacques Goldman, C\u00e9line Dion, Johnny Hallyday, et bien d\u2019autres\u2026<br>Les premi\u00e8res notes des morceaux cultes cr\u00e9eront un lien instantan\u00e9 et fort avec les invit\u00e9s, quel que soit leur \u00e2ge ou leur culture musicale. Un v\u00e9ritable concert \u00e0 offrir \u00e0 vos invit\u00e9s, pour un moment d\u2019exception unique et original.<\/p>\n<\/div>\n<\/div>\n<\/div>\n<\/div>\n<\/div><\/div>\n\n\n\n<div class=\"wp-block-group alignfull has-background has-global-padding is-layout-constrained wp-block-group-is-layout-constrained\" style=\"background-color:#0c181a;margin-top:0;margin-bottom:0\">\n<div class=\"wp-block-group alignwide is-style-default is-nowrap is-layout-flex wp-container-core-group-is-layout-11557c87 wp-block-group-is-layout-flex\" style=\"margin-top:0;margin-bottom:0;padding-top:0px;padding-bottom:0px\">\n<div class=\"wp-block-columns is-layout-flex wp-container-core-columns-is-layout-be969680 wp-block-columns-is-layout-flex\" style=\"padding-top:var(--wp--preset--spacing--50);padding-right:var(--wp--preset--spacing--50);padding-bottom:var(--wp--preset--spacing--50);padding-left:var(--wp--preset--spacing--50)\">\n<div class=\"wp-block-column has-text-color has-background has-link-color wp-elements-b6dfbf7d13c9efc4b0afdf505d9755ab is-layout-flow wp-block-column-is-layout-flow\" style=\"color:#ffffff;background:linear-gradient(135deg,rgb(72,100,131) 0%,rgb(28,32,37) 100%)\">\n<figure class=\"wp-block-image size-large\"><img decoding=\"async\" width=\"1024\" height=\"1024\" src=\"http:\/\/dadouda-musiclive.fr\/travail\/wp-content\/uploads\/sites\/5\/2025\/07\/vignette-JJG-1024x1024.png\" alt=\"\" class=\"wp-image-890\" style=\"aspect-ratio:1;object-fit:cover\" srcset=\"https:\/\/dadouda-musiclive.fr\/travail\/wp-content\/uploads\/sites\/5\/2025\/07\/vignette-JJG-1024x1024.png 1024w, https:\/\/dadouda-musiclive.fr\/travail\/wp-content\/uploads\/sites\/5\/2025\/07\/vignette-JJG-300x300.png 300w, https:\/\/dadouda-musiclive.fr\/travail\/wp-content\/uploads\/sites\/5\/2025\/07\/vignette-JJG-150x150.png 150w, https:\/\/dadouda-musiclive.fr\/travail\/wp-content\/uploads\/sites\/5\/2025\/07\/vignette-JJG-768x768.png 768w, https:\/\/dadouda-musiclive.fr\/travail\/wp-content\/uploads\/sites\/5\/2025\/07\/vignette-JJG.png 1500w\" sizes=\"(max-width: 1024px) 100vw, 1024px\" \/><\/figure>\n\n\n\n<figure class=\"wp-block-image aligncenter size-full\"><img loading=\"lazy\" decoding=\"async\" width=\"2560\" height=\"1161\" src=\"http:\/\/dadouda-musiclive.fr\/travail\/wp-content\/uploads\/sites\/5\/2025\/07\/Logo_VIGNETTE.png\" alt=\"\" class=\"wp-image-892\" style=\"object-fit:cover\" srcset=\"https:\/\/dadouda-musiclive.fr\/travail\/wp-content\/uploads\/sites\/5\/2025\/07\/Logo_VIGNETTE.png 2560w, https:\/\/dadouda-musiclive.fr\/travail\/wp-content\/uploads\/sites\/5\/2025\/07\/Logo_VIGNETTE-300x136.png 300w, https:\/\/dadouda-musiclive.fr\/travail\/wp-content\/uploads\/sites\/5\/2025\/07\/Logo_VIGNETTE-1024x464.png 1024w, https:\/\/dadouda-musiclive.fr\/travail\/wp-content\/uploads\/sites\/5\/2025\/07\/Logo_VIGNETTE-768x348.png 768w, https:\/\/dadouda-musiclive.fr\/travail\/wp-content\/uploads\/sites\/5\/2025\/07\/Logo_VIGNETTE-1536x697.png 1536w, https:\/\/dadouda-musiclive.fr\/travail\/wp-content\/uploads\/sites\/5\/2025\/07\/Logo_VIGNETTE-2048x929.png 2048w\" sizes=\"(max-width: 2560px) 100vw, 2560px\" \/><\/figure>\n\n\n\n<p class=\"has-text-align-center\">Le meilleur de Jean-Jacques Goldman&#8230; 40 ans de tubes.<br><strong>6 musiciens.<\/strong><\/p>\n\n\n\n<div class=\"wp-block-buttons is-content-justification-center is-layout-flex wp-container-core-buttons-is-layout-c936322e wp-block-buttons-is-layout-flex\" style=\"padding-top:var(--wp--preset--spacing--40);padding-bottom:var(--wp--preset--spacing--40)\">\n<div class=\"wp-block-button has-custom-width wp-block-button__width-50 is-style-fill\"><a class=\"wp-block-button__link has-luminous-vivid-amber-to-luminous-vivid-orange-gradient-background has-text-color has-background has-link-color has-archivo-font-family has-text-align-center has-custom-font-size wp-element-button\" href=\"https:\/\/dadouda-musiclive.fr\/travail\/jjg\/\" style=\"border-radius:100px;color:#fefefe;padding-top:var(--wp--preset--spacing--20);padding-bottom:var(--wp--preset--spacing--20);font-size:clamp(14px, 0.875rem + ((1vw - 3.2px) * 0.227), 16px);\">VOIR LA PAGE<\/a><\/div>\n<\/div>\n<\/div>\n\n\n\n<div class=\"wp-block-column has-text-color has-background has-link-color wp-elements-265d13fa1c0874cc427fc0e8801e22b7 is-layout-flow wp-block-column-is-layout-flow\" style=\"color:#ffffff;background:linear-gradient(135deg,rgb(72,100,131) 0%,rgb(28,32,37) 100%)\">\n<figure class=\"wp-block-image size-large\"><img loading=\"lazy\" decoding=\"async\" width=\"1024\" height=\"1024\" src=\"http:\/\/dadouda-musiclive.fr\/travail\/wp-content\/uploads\/sites\/5\/2025\/07\/Photo_VIGNETTE_Ok-1024x1024.jpg\" alt=\"\" class=\"wp-image-899\" style=\"aspect-ratio:1;object-fit:cover\" srcset=\"https:\/\/dadouda-musiclive.fr\/travail\/wp-content\/uploads\/sites\/5\/2025\/07\/Photo_VIGNETTE_Ok-1024x1024.jpg 1024w, https:\/\/dadouda-musiclive.fr\/travail\/wp-content\/uploads\/sites\/5\/2025\/07\/Photo_VIGNETTE_Ok-300x300.jpg 300w, https:\/\/dadouda-musiclive.fr\/travail\/wp-content\/uploads\/sites\/5\/2025\/07\/Photo_VIGNETTE_Ok-150x150.jpg 150w, https:\/\/dadouda-musiclive.fr\/travail\/wp-content\/uploads\/sites\/5\/2025\/07\/Photo_VIGNETTE_Ok-768x768.jpg 768w, https:\/\/dadouda-musiclive.fr\/travail\/wp-content\/uploads\/sites\/5\/2025\/07\/Photo_VIGNETTE_Ok.jpg 1500w\" sizes=\"(max-width: 1024px) 100vw, 1024px\" \/><\/figure>\n\n\n\n<figure class=\"wp-block-image aligncenter size-full\"><img loading=\"lazy\" decoding=\"async\" width=\"2560\" height=\"1161\" src=\"http:\/\/dadouda-musiclive.fr\/travail\/wp-content\/uploads\/sites\/5\/2025\/07\/Logo_VIGNETTE-1.png\" alt=\"\" class=\"wp-image-895\" style=\"object-fit:cover\" srcset=\"https:\/\/dadouda-musiclive.fr\/travail\/wp-content\/uploads\/sites\/5\/2025\/07\/Logo_VIGNETTE-1.png 2560w, https:\/\/dadouda-musiclive.fr\/travail\/wp-content\/uploads\/sites\/5\/2025\/07\/Logo_VIGNETTE-1-300x136.png 300w, https:\/\/dadouda-musiclive.fr\/travail\/wp-content\/uploads\/sites\/5\/2025\/07\/Logo_VIGNETTE-1-1024x464.png 1024w, https:\/\/dadouda-musiclive.fr\/travail\/wp-content\/uploads\/sites\/5\/2025\/07\/Logo_VIGNETTE-1-768x348.png 768w, https:\/\/dadouda-musiclive.fr\/travail\/wp-content\/uploads\/sites\/5\/2025\/07\/Logo_VIGNETTE-1-1536x697.png 1536w, https:\/\/dadouda-musiclive.fr\/travail\/wp-content\/uploads\/sites\/5\/2025\/07\/Logo_VIGNETTE-1-2048x929.png 2048w\" sizes=\"(max-width: 2560px) 100vw, 2560px\" \/><\/figure>\n\n\n\n<p class=\"has-text-align-center\">L&rsquo;hommage ultime \u00e0 l&rsquo;idole, retra\u00e7ant de ses d\u00e9buts aux ann\u00e9es 2010<br><strong>De 6 \u00e0 8 musiciens.<\/strong><\/p>\n\n\n\n<div class=\"wp-block-buttons is-content-justification-center is-layout-flex wp-container-core-buttons-is-layout-c936322e wp-block-buttons-is-layout-flex\" style=\"padding-top:var(--wp--preset--spacing--40);padding-bottom:var(--wp--preset--spacing--40)\">\n<div class=\"wp-block-button has-custom-width wp-block-button__width-50 is-style-fill\"><a class=\"wp-block-button__link has-luminous-vivid-amber-to-luminous-vivid-orange-gradient-background has-text-color has-background has-link-color has-archivo-font-family has-text-align-center has-custom-font-size wp-element-button\" style=\"border-radius:100px;color:#fefefe;padding-top:var(--wp--preset--spacing--20);padding-bottom:var(--wp--preset--spacing--20);font-size:clamp(14px, 0.875rem + ((1vw - 3.2px) * 0.227), 16px);\">VOIR LA PAGE<\/a><\/div>\n<\/div>\n<\/div>\n\n\n\n<div class=\"wp-block-column is-layout-flow wp-block-column-is-layout-flow\"><\/div>\n<\/div>\n<\/div>\n<\/div>\n","protected":false},"excerpt":{"rendered":"<p>Le meilleur de Jean-Jacques Goldman&#8230; 40 ans de tubes.6 musiciens. L&rsquo;hommage ultime \u00e0 l&rsquo;idole, retra\u00e7ant de ses d\u00e9buts aux ann\u00e9es 2010De 6 \u00e0 8 musiciens.<\/p>\n","protected":false},"author":1,"featured_media":0,"parent":0,"menu_order":0,"comment_status":"closed","ping_status":"closed","template":"","meta":{"footnotes":""},"class_list":["post-864","page","type-page","status-publish","hentry"],"_links":{"self":[{"href":"https:\/\/dadouda-musiclive.fr\/travail\/wp-json\/wp\/v2\/pages\/864","targetHints":{"allow":["GET"]}}],"collection":[{"href":"https:\/\/dadouda-musiclive.fr\/travail\/wp-json\/wp\/v2\/pages"}],"about":[{"href":"https:\/\/dadouda-musiclive.fr\/travail\/wp-json\/wp\/v2\/types\/page"}],"author":[{"embeddable":true,"href":"https:\/\/dadouda-musiclive.fr\/travail\/wp-json\/wp\/v2\/users\/1"}],"replies":[{"embeddable":true,"href":"https:\/\/dadouda-musiclive.fr\/travail\/wp-json\/wp\/v2\/comments?post=864"}],"version-history":[{"count":18,"href":"https:\/\/dadouda-musiclive.fr\/travail\/wp-json\/wp\/v2\/pages\/864\/revisions"}],"predecessor-version":[{"id":1286,"href":"https:\/\/dadouda-musiclive.fr\/travail\/wp-json\/wp\/v2\/pages\/864\/revisions\/1286"}],"wp:attachment":[{"href":"https:\/\/dadouda-musiclive.fr\/travail\/wp-json\/wp\/v2\/media?parent=864"}],"curies":[{"name":"wp","href":"https:\/\/api.w.org\/{rel}","templated":true}]}}