{"id":300,"date":"2025-07-16T09:59:47","date_gmt":"2025-07-16T09:59:47","guid":{"rendered":"https:\/\/dadouda-musiclive.fr\/travail\/?page_id=300"},"modified":"2025-11-14T15:06:27","modified_gmt":"2025-11-14T15:06:27","slug":"la-fee-louise","status":"publish","type":"page","link":"https:\/\/dadouda-musiclive.fr\/travail\/la-fee-louise\/","title":{"rendered":"La F\u00e9e Louise"},"content":{"rendered":"\n<div class=\"wp-block-cover alignfull\" style=\"margin-top:0;margin-bottom:0;padding-top:0;padding-right:0;padding-bottom:0;padding-left:0\"><span aria-hidden=\"true\" class=\"wp-block-cover__background has-background-dim-100 has-background-dim has-background-gradient\" style=\"background:linear-gradient(135deg,rgb(72,100,131) 0%,rgb(28,32,37) 100%)\"><\/span><div class=\"wp-block-cover__inner-container is-layout-flow wp-block-cover-is-layout-flow\">\n<div class=\"wp-block-group alignfull is-style-default has-global-padding is-layout-constrained wp-container-core-group-is-layout-417facc2 wp-block-group-is-layout-constrained has-background\" style=\"border-style:none;border-width:0px;border-radius:0px;min-height:0px;margin-top:0;margin-bottom:0;padding-top:var(--wp--preset--spacing--40);padding-right:0;padding-bottom:var(--wp--preset--spacing--40);padding-left:0;background-image:url(&#039;http:\/\/dadouda-musiclive.fr\/travail\/wp-content\/uploads\/sites\/5\/2025\/08\/fond-page-1.jpg&#039;);background-size:cover;\">\n<div class=\"wp-block-group alignwide has-global-padding is-layout-constrained wp-block-group-is-layout-constrained\" style=\"margin-top:0;margin-bottom:0\">\n<figure class=\"wp-block-image aligncenter size-large is-resized\" style=\"margin-top:var(--wp--preset--spacing--20)\"><img fetchpriority=\"high\" decoding=\"async\" width=\"1024\" height=\"464\" src=\"http:\/\/dadouda-musiclive.fr\/travail\/wp-content\/uploads\/sites\/5\/2025\/07\/FEE-LOUISE-LOGO2_OK-1-1024x464.png\" alt=\"\" class=\"wp-image-311\" style=\"width:350px;height:auto\" srcset=\"https:\/\/dadouda-musiclive.fr\/travail\/wp-content\/uploads\/sites\/5\/2025\/07\/FEE-LOUISE-LOGO2_OK-1-1024x464.png 1024w, https:\/\/dadouda-musiclive.fr\/travail\/wp-content\/uploads\/sites\/5\/2025\/07\/FEE-LOUISE-LOGO2_OK-1-300x136.png 300w, https:\/\/dadouda-musiclive.fr\/travail\/wp-content\/uploads\/sites\/5\/2025\/07\/FEE-LOUISE-LOGO2_OK-1-768x348.png 768w, https:\/\/dadouda-musiclive.fr\/travail\/wp-content\/uploads\/sites\/5\/2025\/07\/FEE-LOUISE-LOGO2_OK-1-1536x696.png 1536w, https:\/\/dadouda-musiclive.fr\/travail\/wp-content\/uploads\/sites\/5\/2025\/07\/FEE-LOUISE-LOGO2_OK-1-2048x929.png 2048w\" sizes=\"(max-width: 1024px) 100vw, 1024px\" \/><\/figure>\n<\/div>\n\n\n\n<h2 class=\"wp-block-heading has-text-align-center has-text-color has-link-color wp-elements-fceae13f12d679640f8fbb164a0b054b\" style=\"color:#ffbf00;font-size:clamp(15.747px, 0.984rem + ((1vw - 3.2px) * 0.938), 24px);\"><strong>Un trio acoustique haut en couleur pour sublimer vos \u00e9v\u00e9nements<\/strong><\/h2>\n\n\n\n<p class=\"has-text-color has-link-color wp-elements-973d0954b49e9828345c5aadf2827627\" style=\"color:#ffffff\">Depuis 2016, ce trio acoustique \u00e0 l\u2019\u00e9nergie communicative revisite avec finesse les grands classiques de la vari\u00e9t\u00e9 fran\u00e7aise, de la pop anglo-saxonne, du groove et du rock. Un savant m\u00e9lange de styles, toujours r\u00e9interpr\u00e9t\u00e9 avec originalit\u00e9.<\/p>\n\n\n\n<p class=\"has-text-color has-link-color wp-elements-28e5bb10b126496b283bc1ed24788ce6\" style=\"color:#ffffff\"><strong>Une formule \u00e9l\u00e9gante et modulable<\/strong>, id\u00e9ale aussi bien pour un cocktail raffin\u00e9 que pour une soir\u00e9e dansante. Port\u00e9 par une chanteuse-bassiste charismatique et deux musiciens polyvalents (guitare et clavier), le groupe int\u00e8gre des boucles rythmiques qui lui permettent d\u2019alterner avec aisance entre ambiance feutr\u00e9e et sets dynamiques.<\/p>\n\n\n\n<p class=\"has-text-color has-link-color wp-elements-2c57908beddeda32b7e619be0b4c2f0b\" style=\"color:#ffffff\">Forts de plus de 20 ans d\u2019exp\u00e9rience dans l\u2019\u00e9v\u00e9nementiel, nous savons lire une salle et ajuster notre prestation en temps r\u00e9el. Notre priorit\u00e9 : <strong>cr\u00e9er une vraie connexion avec votre public<\/strong> et faire de chaque moment un souvenir inoubliable.<\/p>\n<\/div>\n<\/div><\/div>\n\n\n\n<div class=\"wp-block-group alignfull has-background has-global-padding is-layout-constrained wp-block-group-is-layout-constrained\" style=\"background-color:#162830;margin-top:0;margin-bottom:0;padding-top:0;padding-bottom:0\">\n<div class=\"wp-block-group has-global-padding is-layout-constrained wp-block-group-is-layout-constrained\" style=\"margin-top:0;margin-bottom:0;padding-top:var(--wp--preset--spacing--60);padding-bottom:var(--wp--preset--spacing--30)\"><style type=\"text\/css\">\n#foogallery-gallery-1044 .fg-image { width: 200px; }\n#foogallery-gallery-1044 { --fg-gutter: 10px; }<\/style>\n\t\t\t<div class=\"foogallery foogallery-container foogallery-default foogallery-lightbox-foobox fg-center fg-m-col3 fg-default fg-ready fg-dark fg-round-large fg-shadow-large fg-loading-trail fg-loaded-flip fg-hover-colorize fg-hover-scale fg-caption-hover fg-hover-fade fg-hover-eye fg-c-c\" id=\"foogallery-gallery-1044\" data-foogallery=\"{&quot;item&quot;:{&quot;showCaptionTitle&quot;:false,&quot;showCaptionDescription&quot;:false},&quot;lazy&quot;:true}\" style=\"--fg-title-line-clamp: 0; --fg-description-line-clamp: 0;\" >\n\t<div class=\"fg-item fg-type-image fg-idle\"><figure class=\"fg-item-inner\"><a href=\"https:\/\/dadouda-musiclive.fr\/travail\/wp-content\/uploads\/sites\/5\/2025\/07\/la-fee1.jpg\" data-attachment-id=\"386\" data-e-disable-page-transition=\"true\" data-type=\"image\" class=\"fg-thumb\"><span class=\"fg-image-wrap\"><img decoding=\"async\" width=\"200\" height=\"200\" class=\"skip-lazy fg-image\" data-src-fg=\"https:\/\/dadouda-musiclive.fr\/travail\/wp-content\/uploads\/sites\/5\/cache\/2025\/07\/la-fee1\/354164916.jpg\" src=\"data:image\/svg+xml,%3Csvg%20xmlns%3D%22http%3A%2F%2Fwww.w3.org%2F2000%2Fsvg%22%20width%3D%22200%22%20height%3D%22200%22%20viewBox%3D%220%200%20200%20200%22%3E%3C%2Fsvg%3E\" loading=\"eager\"><\/span><span class=\"fg-image-overlay\"><\/span><\/a><\/figure><div class=\"fg-loader\"><\/div><\/div><div class=\"fg-item fg-type-image fg-idle\"><figure class=\"fg-item-inner\"><a href=\"https:\/\/dadouda-musiclive.fr\/travail\/wp-content\/uploads\/sites\/5\/2025\/07\/la-fee2.jpg\" data-attachment-id=\"385\" data-e-disable-page-transition=\"true\" data-type=\"image\" class=\"fg-thumb\"><span class=\"fg-image-wrap\"><img decoding=\"async\" width=\"200\" height=\"200\" class=\"skip-lazy fg-image\" data-src-fg=\"https:\/\/dadouda-musiclive.fr\/travail\/wp-content\/uploads\/sites\/5\/cache\/2025\/07\/la-fee2\/1515321696.jpg\" src=\"data:image\/svg+xml,%3Csvg%20xmlns%3D%22http%3A%2F%2Fwww.w3.org%2F2000%2Fsvg%22%20width%3D%22200%22%20height%3D%22200%22%20viewBox%3D%220%200%20200%20200%22%3E%3C%2Fsvg%3E\" loading=\"eager\"><\/span><span class=\"fg-image-overlay\"><\/span><\/a><\/figure><div class=\"fg-loader\"><\/div><\/div><div class=\"fg-item fg-type-image fg-idle\"><figure class=\"fg-item-inner\"><a href=\"https:\/\/dadouda-musiclive.fr\/travail\/wp-content\/uploads\/sites\/5\/2025\/07\/la-fee3.jpg\" data-attachment-id=\"384\" data-e-disable-page-transition=\"true\" data-type=\"image\" class=\"fg-thumb\"><span class=\"fg-image-wrap\"><img decoding=\"async\" width=\"200\" height=\"200\" class=\"skip-lazy fg-image\" data-src-fg=\"https:\/\/dadouda-musiclive.fr\/travail\/wp-content\/uploads\/sites\/5\/cache\/2025\/07\/la-fee3\/1620397612.jpg\" src=\"data:image\/svg+xml,%3Csvg%20xmlns%3D%22http%3A%2F%2Fwww.w3.org%2F2000%2Fsvg%22%20width%3D%22200%22%20height%3D%22200%22%20viewBox%3D%220%200%20200%20200%22%3E%3C%2Fsvg%3E\" loading=\"eager\"><\/span><span class=\"fg-image-overlay\"><\/span><\/a><\/figure><div class=\"fg-loader\"><\/div><\/div><div class=\"fg-item fg-type-image fg-idle\"><figure class=\"fg-item-inner\"><a href=\"https:\/\/dadouda-musiclive.fr\/travail\/wp-content\/uploads\/sites\/5\/2025\/06\/La-Fee-Ok-si-pas-utilisee-ailleurs-sur-le-site.jpeg\" data-caption-title=\"Screenshot\" data-attachment-id=\"122\" data-e-disable-page-transition=\"true\" data-type=\"image\" class=\"fg-thumb\"><span class=\"fg-image-wrap\"><img decoding=\"async\" title=\"Screenshot\" width=\"200\" height=\"200\" class=\"skip-lazy fg-image\" data-src-fg=\"https:\/\/dadouda-musiclive.fr\/travail\/wp-content\/uploads\/sites\/5\/cache\/2025\/06\/La-Fee-Ok-si-pas-utilisee-ailleurs-sur-le-site\/2850755398.jpeg\" src=\"data:image\/svg+xml,%3Csvg%20xmlns%3D%22http%3A%2F%2Fwww.w3.org%2F2000%2Fsvg%22%20width%3D%22200%22%20height%3D%22200%22%20viewBox%3D%220%200%20200%20200%22%3E%3C%2Fsvg%3E\" loading=\"eager\"><\/span><span class=\"fg-image-overlay\"><\/span><\/a><\/figure><div class=\"fg-loader\"><\/div><\/div><\/div>\n<\/div>\n\n\n\n<div class=\"wp-block-group alignfull has-background has-global-padding is-layout-constrained wp-block-group-is-layout-constrained\" style=\"background-color:#0b151b\">\n<div class=\"wp-block-columns is-layout-flex wp-container-core-columns-is-layout-36fc783e wp-block-columns-is-layout-flex\" style=\"margin-top:0;margin-bottom:0;padding-top:var(--wp--preset--spacing--50);padding-right:0;padding-bottom:var(--wp--preset--spacing--50);padding-left:0\">\n<div class=\"wp-block-column is-layout-flow wp-block-column-is-layout-flow\" style=\"flex-basis:50%\">\n<figure class=\"wp-block-embed aligncenter is-type-video is-provider-youtube wp-block-embed-youtube wp-embed-aspect-16-9 wp-has-aspect-ratio\" style=\"margin-top:0;margin-bottom:0\"><div class=\"wp-block-embed__wrapper\">\n<iframe title=\"FEE LOUISE - Garden Party Time Part#1\" width=\"500\" height=\"281\" src=\"https:\/\/www.youtube.com\/embed\/Au9iMhAiyQc?feature=oembed\" frameborder=\"0\" allow=\"accelerometer; autoplay; clipboard-write; encrypted-media; gyroscope; picture-in-picture; web-share\" referrerpolicy=\"strict-origin-when-cross-origin\" allowfullscreen><\/iframe>\n<\/div><\/figure>\n<\/div>\n\n\n\n<div class=\"wp-block-column is-vertically-aligned-center is-layout-flow wp-block-column-is-layout-flow\" style=\"flex-basis:50%\">\n<figure class=\"wp-block-embed aligncenter is-type-video is-provider-youtube wp-block-embed-youtube wp-embed-aspect-16-9 wp-has-aspect-ratio\" style=\"margin-top:0;margin-bottom:0\"><div class=\"wp-block-embed__wrapper\">\n<iframe title=\"La F\u00e9e Louise - Soft Acoustic session LIVE\" width=\"500\" height=\"281\" src=\"https:\/\/www.youtube.com\/embed\/jpN_rsYlvvQ?feature=oembed\" frameborder=\"0\" allow=\"accelerometer; autoplay; clipboard-write; encrypted-media; gyroscope; picture-in-picture; web-share\" referrerpolicy=\"strict-origin-when-cross-origin\" allowfullscreen><\/iframe>\n<\/div><\/figure>\n<\/div>\n<\/div>\n\n\n\n<div class=\"wp-block-columns is-layout-flex wp-container-core-columns-is-layout-28f84493 wp-block-columns-is-layout-flex\">\n<div class=\"wp-block-column is-layout-flow wp-block-column-is-layout-flow\" style=\"flex-basis:50%\">\n<figure class=\"wp-block-embed is-type-video is-provider-youtube wp-block-embed-youtube wp-embed-aspect-16-9 wp-has-aspect-ratio\"><div class=\"wp-block-embed__wrapper\">\n<iframe title=\"La F\u00e9e Louise - POKERFACE - CastelParty Part#1\" width=\"500\" height=\"281\" src=\"https:\/\/www.youtube.com\/embed\/bS3OQErlX-c?feature=oembed\" frameborder=\"0\" allow=\"accelerometer; autoplay; clipboard-write; encrypted-media; gyroscope; picture-in-picture; web-share\" referrerpolicy=\"strict-origin-when-cross-origin\" allowfullscreen><\/iframe>\n<\/div><\/figure>\n<\/div>\n\n\n\n<div class=\"wp-block-column is-layout-flow wp-block-column-is-layout-flow\" style=\"flex-basis:50%\">\n<figure class=\"wp-block-embed is-type-video is-provider-youtube wp-block-embed-youtube wp-embed-aspect-16-9 wp-has-aspect-ratio\"><div class=\"wp-block-embed__wrapper\">\n<iframe title=\"La F\u00e9e Louise - DREAM A LITTLE DREAM - CastelParty Part#2\" width=\"500\" height=\"281\" src=\"https:\/\/www.youtube.com\/embed\/OP8VNpn6nDI?feature=oembed\" frameborder=\"0\" allow=\"accelerometer; autoplay; clipboard-write; encrypted-media; gyroscope; picture-in-picture; web-share\" referrerpolicy=\"strict-origin-when-cross-origin\" allowfullscreen><\/iframe>\n<\/div><\/figure>\n<\/div>\n<\/div>\n\n\n\n<div class=\"wp-block-buttons is-horizontal is-content-justification-center is-layout-flex wp-container-core-buttons-is-layout-0f7c9581 wp-block-buttons-is-layout-flex\" style=\"border-style:none;border-width:0px;border-radius:0px;margin-top:0.8rem;margin-bottom:0;padding-top:var(--wp--preset--spacing--30);padding-right:0;padding-bottom:var(--wp--preset--spacing--50);padding-left:0\">\n<div class=\"wp-block-button has-custom-width wp-block-button__width-50 is-style-fill\"><a class=\"wp-block-button__link has-luminous-vivid-amber-to-luminous-vivid-orange-gradient-background has-text-color has-background has-ibm-plex-sans-font-family has-custom-font-size wp-element-button\" href=\"https:\/\/dadouda-musiclive.fr\/travail\/contact\/\" style=\"border-style:none;border-width:0px;border-radius:13.52rem;color:#fffffd;padding-top:0.71rem;padding-right:0.31rem;padding-bottom:0.71rem;padding-left:0.31rem;font-size:clamp(14px, 0.875rem + ((1vw - 3.2px) * 0.455), 18px);font-style:normal;font-weight:400;line-height:1.5;text-transform:capitalize\">Demander un devis<\/a><\/div>\n<\/div>\n<\/div>\n<\/div>\n","protected":false},"excerpt":{"rendered":"","protected":false},"author":1,"featured_media":0,"parent":0,"menu_order":0,"comment_status":"closed","ping_status":"closed","template":"","meta":{"footnotes":""},"class_list":["post-300","page","type-page","status-publish","hentry"],"_links":{"self":[{"href":"https:\/\/dadouda-musiclive.fr\/travail\/wp-json\/wp\/v2\/pages\/300","targetHints":{"allow":["GET"]}}],"collection":[{"href":"https:\/\/dadouda-musiclive.fr\/travail\/wp-json\/wp\/v2\/pages"}],"about":[{"href":"https:\/\/dadouda-musiclive.fr\/travail\/wp-json\/wp\/v2\/types\/page"}],"author":[{"embeddable":true,"href":"https:\/\/dadouda-musiclive.fr\/travail\/wp-json\/wp\/v2\/users\/1"}],"replies":[{"embeddable":true,"href":"https:\/\/dadouda-musiclive.fr\/travail\/wp-json\/wp\/v2\/comments?post=300"}],"version-history":[{"count":84,"href":"https:\/\/dadouda-musiclive.fr\/travail\/wp-json\/wp\/v2\/pages\/300\/revisions"}],"predecessor-version":[{"id":1299,"href":"https:\/\/dadouda-musiclive.fr\/travail\/wp-json\/wp\/v2\/pages\/300\/revisions\/1299"}],"wp:attachment":[{"href":"https:\/\/dadouda-musiclive.fr\/travail\/wp-json\/wp\/v2\/media?parent=300"}],"curies":[{"name":"wp","href":"https:\/\/api.w.org\/{rel}","templated":true}]}}