{"id":252,"date":"2025-07-04T13:48:37","date_gmt":"2025-07-04T13:48:37","guid":{"rendered":"https:\/\/dadouda-musiclive.fr\/travail\/?page_id=252"},"modified":"2025-10-27T14:35:52","modified_gmt":"2025-10-27T14:35:52","slug":"garden-party-2","status":"publish","type":"page","link":"https:\/\/dadouda-musiclive.fr\/travail\/garden-party-2\/","title":{"rendered":"Garden Party"},"content":{"rendered":"\n<div class=\"wp-block-cover alignfull has-young-serif-regular-font-family wp-duotone-grayscale\" style=\"margin-top:0;margin-bottom:0;padding-top:0px;padding-bottom:0px;min-height:143px;aspect-ratio:unset;\"><img fetchpriority=\"high\" decoding=\"async\" width=\"1024\" height=\"768\" class=\"wp-block-cover__image-background wp-image-37 size-large\" alt=\"\" src=\"http:\/\/dadouda-musiclive.fr\/travail\/wp-content\/uploads\/sites\/5\/2025\/05\/alexandra-zelena-gbxpTrnOXKY-unsplash-1024x768.jpg\" data-object-fit=\"cover\" srcset=\"https:\/\/dadouda-musiclive.fr\/travail\/wp-content\/uploads\/sites\/5\/2025\/05\/alexandra-zelena-gbxpTrnOXKY-unsplash-1024x768.jpg 1024w, https:\/\/dadouda-musiclive.fr\/travail\/wp-content\/uploads\/sites\/5\/2025\/05\/alexandra-zelena-gbxpTrnOXKY-unsplash-300x225.jpg 300w, https:\/\/dadouda-musiclive.fr\/travail\/wp-content\/uploads\/sites\/5\/2025\/05\/alexandra-zelena-gbxpTrnOXKY-unsplash-768x576.jpg 768w, https:\/\/dadouda-musiclive.fr\/travail\/wp-content\/uploads\/sites\/5\/2025\/05\/alexandra-zelena-gbxpTrnOXKY-unsplash-1536x1152.jpg 1536w, https:\/\/dadouda-musiclive.fr\/travail\/wp-content\/uploads\/sites\/5\/2025\/05\/alexandra-zelena-gbxpTrnOXKY-unsplash-2048x1536.jpg 2048w\" sizes=\"(max-width: 1024px) 100vw, 1024px\" \/><span aria-hidden=\"true\" class=\"wp-block-cover__background has-background-dim-80 has-background-dim\" style=\"background-color:#283747\"><\/span><div class=\"wp-block-cover__inner-container has-global-padding is-layout-constrained wp-container-core-cover-is-layout-8443115b wp-block-cover-is-layout-constrained\">\n<div class=\"wp-block-columns is-layout-flex wp-container-core-columns-is-layout-28f84493 wp-block-columns-is-layout-flex\">\n<div class=\"wp-block-column is-layout-flow wp-container-core-column-is-layout-92d440f1 wp-block-column-is-layout-flow\" style=\"padding-top:0;padding-bottom:0;flex-basis:100%\">\n<figure class=\"wp-block-image aligncenter size-full\" style=\"margin-top:var(--wp--preset--spacing--50);margin-bottom:0\"><img decoding=\"async\" width=\"800\" height=\"167\" src=\"http:\/\/dadouda-musiclive.fr\/travail\/wp-content\/uploads\/sites\/5\/2025\/07\/garden-party.png\" alt=\"\" class=\"wp-image-867\" srcset=\"https:\/\/dadouda-musiclive.fr\/travail\/wp-content\/uploads\/sites\/5\/2025\/07\/garden-party.png 800w, https:\/\/dadouda-musiclive.fr\/travail\/wp-content\/uploads\/sites\/5\/2025\/07\/garden-party-300x63.png 300w, https:\/\/dadouda-musiclive.fr\/travail\/wp-content\/uploads\/sites\/5\/2025\/07\/garden-party-768x160.png 768w\" sizes=\"(max-width: 800px) 100vw, 800px\" \/><\/figure>\n<\/div>\n<\/div>\n\n\n\n<div class=\"wp-block-columns is-layout-flex wp-container-core-columns-is-layout-28f84493 wp-block-columns-is-layout-flex\">\n<div class=\"wp-block-column has-global-padding is-layout-constrained wp-container-core-column-is-layout-a3a278f9 wp-block-column-is-layout-constrained\" style=\"padding-bottom:var(--wp--preset--spacing--50);flex-basis:100%\">\n<div class=\"wp-block-columns is-layout-flex wp-container-core-columns-is-layout-28f84493 wp-block-columns-is-layout-flex\">\n<div class=\"wp-block-column is-layout-flow wp-block-column-is-layout-flow\" style=\"padding-top:0;padding-bottom:0;flex-basis:100%\">\n<p class=\"has-archivo-font-family\" style=\"font-size:clamp(14px, 0.875rem + ((1vw - 3.2px) * 0.227), 16px);\">Qu\u2019ils soient en solo, duo, trio ou quatuor, nos groupes acoustiques offrent une ambiance vivante, douce et conviviale \u00e0 vos cocktails, vins d\u2019honneur ou soir\u00e9es priv\u00e9es. Guitare, contrebasse, piano, percussions douces ou harmonies vocales, Jazz, vari\u00e9t\u00e9s fran\u00e7aises et internationales, pop feutr\u00e9e, soul, swing, gypsy, et plus encore\u2026 Il y en a pour tous les go\u00fbts.<br><br>Accompagner sans jamais d\u00e9ranger, ou mettre l\u2019ambiance et vous faire chanter les plus grands refrains, ces artistes s\u2019adaptent au moment et cr\u00e9ent une bulle sonore chaleureuse o\u00f9 le live devient un lien : entre les invit\u00e9s, le lieu et l\u2019instant.<br>Une pr\u00e9sence musicale vivante, humaine, qui fait toute la diff\u00e9rence.<\/p>\n<\/div>\n<\/div>\n<\/div>\n<\/div>\n<\/div><\/div>\n\n\n\n<div class=\"wp-block-group alignfull has-background has-global-padding is-layout-constrained wp-block-group-is-layout-constrained\" style=\"background-color:#0c181a;margin-top:0;margin-bottom:0;padding-top:0;padding-bottom:0\">\n<div class=\"wp-block-group alignwide is-style-default has-medium-font-size is-content-justification-center is-nowrap is-layout-flex wp-container-core-group-is-layout-26a992e4 wp-block-group-is-layout-flex\" style=\"margin-top:0;margin-bottom:0;padding-top:0px;padding-bottom:0px\">\n<div class=\"wp-block-columns is-layout-flex wp-container-core-columns-is-layout-be969680 wp-block-columns-is-layout-flex\" style=\"padding-top:var(--wp--preset--spacing--50);padding-right:var(--wp--preset--spacing--50);padding-bottom:var(--wp--preset--spacing--50);padding-left:var(--wp--preset--spacing--50)\">\n<div class=\"wp-block-column has-text-color has-background has-link-color wp-elements-5a5a46dbb15e2a72f3100f13dc52b3b6 is-layout-flow wp-block-column-is-layout-flow\" style=\"color:#ffffff;background:linear-gradient(135deg,rgb(72,100,131) 0%,rgb(28,32,37) 100%)\">\n<figure class=\"wp-block-image size-large\"><img decoding=\"async\" width=\"1024\" height=\"578\" src=\"http:\/\/dadouda-musiclive.fr\/travail\/wp-content\/uploads\/sites\/5\/2025\/06\/La-Fee-Ok-si-pas-utilisee-ailleurs-sur-le-site-1024x578.jpeg\" alt=\"\" class=\"wp-image-122\" style=\"aspect-ratio:1;object-fit:cover\" srcset=\"https:\/\/dadouda-musiclive.fr\/travail\/wp-content\/uploads\/sites\/5\/2025\/06\/La-Fee-Ok-si-pas-utilisee-ailleurs-sur-le-site-1024x578.jpeg 1024w, https:\/\/dadouda-musiclive.fr\/travail\/wp-content\/uploads\/sites\/5\/2025\/06\/La-Fee-Ok-si-pas-utilisee-ailleurs-sur-le-site-300x169.jpeg 300w, https:\/\/dadouda-musiclive.fr\/travail\/wp-content\/uploads\/sites\/5\/2025\/06\/La-Fee-Ok-si-pas-utilisee-ailleurs-sur-le-site-768x434.jpeg 768w, https:\/\/dadouda-musiclive.fr\/travail\/wp-content\/uploads\/sites\/5\/2025\/06\/La-Fee-Ok-si-pas-utilisee-ailleurs-sur-le-site-1536x868.jpeg 1536w, https:\/\/dadouda-musiclive.fr\/travail\/wp-content\/uploads\/sites\/5\/2025\/06\/La-Fee-Ok-si-pas-utilisee-ailleurs-sur-le-site-2048x1157.jpeg 2048w\" sizes=\"(max-width: 1024px) 100vw, 1024px\" \/><\/figure>\n\n\n\n<figure class=\"wp-block-image aligncenter size-full\"><img loading=\"lazy\" decoding=\"async\" width=\"300\" height=\"136\" src=\"http:\/\/dadouda-musiclive.fr\/travail\/wp-content\/uploads\/sites\/5\/2025\/07\/FEE-LOUISE-LOGO2_OK.png\" alt=\"\" class=\"wp-image-266\" style=\"object-fit:cover\"\/><\/figure>\n\n\n\n<p class=\"has-text-align-center has-medium-font-size\">Une formule acoustique haut en couleur pour sublimer vos \u00e9v\u00e9nements.<br><strong>De 2 \u00e0 4 musiciens.<\/strong><\/p>\n\n\n\n<div class=\"wp-block-buttons is-content-justification-center is-layout-flex wp-container-core-buttons-is-layout-c936322e wp-block-buttons-is-layout-flex\" style=\"padding-top:var(--wp--preset--spacing--40);padding-bottom:var(--wp--preset--spacing--40)\">\n<div class=\"wp-block-button has-custom-width wp-block-button__width-50 is-style-fill\"><a class=\"wp-block-button__link has-luminous-vivid-amber-to-luminous-vivid-orange-gradient-background has-text-color has-background has-link-color has-archivo-font-family has-text-align-center has-custom-font-size wp-element-button\" href=\"https:\/\/dadouda-musiclive.fr\/travail\/la-fee-louise\/\" style=\"border-radius:100px;color:#fefefe;padding-top:var(--wp--preset--spacing--20);padding-bottom:var(--wp--preset--spacing--20);font-size:clamp(14px, 0.875rem + ((1vw - 3.2px) * 0.227), 16px);\">VOIR LA PAGE<\/a><\/div>\n<\/div>\n<\/div>\n\n\n\n<div class=\"wp-block-column is-layout-flow wp-block-column-is-layout-flow\"><\/div>\n\n\n\n<div class=\"wp-block-column is-layout-flow wp-block-column-is-layout-flow\"><\/div>\n<\/div>\n<\/div>\n<\/div>\n","protected":false},"excerpt":{"rendered":"<p>Une formule acoustique haut en couleur pour sublimer vos \u00e9v\u00e9nements.De 2 \u00e0 4 musiciens.<\/p>\n","protected":false},"author":1,"featured_media":82,"parent":0,"menu_order":0,"comment_status":"closed","ping_status":"closed","template":"","meta":{"footnotes":""},"class_list":["post-252","page","type-page","status-publish","has-post-thumbnail","hentry"],"_links":{"self":[{"href":"https:\/\/dadouda-musiclive.fr\/travail\/wp-json\/wp\/v2\/pages\/252","targetHints":{"allow":["GET"]}}],"collection":[{"href":"https:\/\/dadouda-musiclive.fr\/travail\/wp-json\/wp\/v2\/pages"}],"about":[{"href":"https:\/\/dadouda-musiclive.fr\/travail\/wp-json\/wp\/v2\/types\/page"}],"author":[{"embeddable":true,"href":"https:\/\/dadouda-musiclive.fr\/travail\/wp-json\/wp\/v2\/users\/1"}],"replies":[{"embeddable":true,"href":"https:\/\/dadouda-musiclive.fr\/travail\/wp-json\/wp\/v2\/comments?post=252"}],"version-history":[{"count":39,"href":"https:\/\/dadouda-musiclive.fr\/travail\/wp-json\/wp\/v2\/pages\/252\/revisions"}],"predecessor-version":[{"id":1287,"href":"https:\/\/dadouda-musiclive.fr\/travail\/wp-json\/wp\/v2\/pages\/252\/revisions\/1287"}],"wp:featuredmedia":[{"embeddable":true,"href":"https:\/\/dadouda-musiclive.fr\/travail\/wp-json\/wp\/v2\/media\/82"}],"wp:attachment":[{"href":"https:\/\/dadouda-musiclive.fr\/travail\/wp-json\/wp\/v2\/media?parent=252"}],"curies":[{"name":"wp","href":"https:\/\/api.w.org\/{rel}","templated":true}]}}