{"id":16,"date":"2025-05-06T06:27:27","date_gmt":"2025-05-06T06:27:27","guid":{"rendered":"https:\/\/yellowgreen-dugong-763332.hostingersite.com\/?page_id=16"},"modified":"2025-10-27T14:25:41","modified_gmt":"2025-10-27T14:25:41","slug":"les-artistes","status":"publish","type":"page","link":"https:\/\/dadouda-musiclive.fr\/travail\/les-artistes\/","title":{"rendered":"Les artistes"},"content":{"rendered":"\n<div class=\"wp-block-cover alignfull has-young-serif-regular-font-family\" style=\"margin-top:0;margin-bottom:0;padding-top:0px;padding-bottom:0px;min-height:143px;aspect-ratio:unset;\"><img decoding=\"async\" class=\"wp-block-cover__image-background wp-image-4206\" alt=\"\" src=\"https:\/\/tyler.com\/wp-content\/uploads\/sites\/5\/2023\/12\/surf-banner1.jpg\" style=\"object-position:100% 50%\" data-object-fit=\"cover\" data-object-position=\"100% 50%\"\/><span aria-hidden=\"true\" class=\"wp-block-cover__background has-background-dim-100 has-background-dim wp-block-cover__gradient-background has-background-gradient\" style=\"background:linear-gradient(181deg,rgb(48,62,81) 0%,rgb(0,0,0) 100%)\"><\/span><div class=\"wp-block-cover__inner-container has-global-padding is-layout-constrained wp-container-core-cover-is-layout-8443115b wp-block-cover-is-layout-constrained\">\n<h2 class=\"wp-block-heading has-text-align-center has-text-color has-link-color wp-elements-4a170754d74724d690e682de8145c0ff\" style=\"color:#ffbf00;font-size:clamp(27.894px, 1.743rem + ((1vw - 3.2px) * 2.285), 48px);\">LES ARTISTES<\/h2>\n<\/div><\/div>\n\n\n\n<div class=\"wp-block-group alignfull has-global-padding is-layout-constrained wp-container-core-group-is-layout-d9fa9046 wp-block-group-is-layout-constrained\" style=\"padding-top:var(--wp--preset--spacing--50);padding-bottom:var(--wp--preset--spacing--50)\">\n<div class=\"wp-block-group alignwide has-global-padding is-layout-constrained wp-container-core-group-is-layout-a62fa364 wp-block-group-is-layout-constrained\" style=\"margin-top:0;margin-bottom:0;padding-top:0px;padding-bottom:0px\">\n<div class=\"wp-block-columns is-layout-flex wp-container-core-columns-is-layout-92515837 wp-block-columns-is-layout-flex\">\n<div class=\"wp-block-column is-layout-flow wp-block-column-is-layout-flow\" style=\"padding-right:0;padding-left:0\">\n<figure class=\"wp-block-image alignleft size-full\" style=\"margin-top:0;margin-bottom:0\"><a href=\"https:\/\/dadouda-musiclive.fr\/travail\/garden-party-2\/\"><img fetchpriority=\"high\" decoding=\"async\" width=\"800\" height=\"800\" src=\"http:\/\/dadouda-musiclive.fr\/travail\/wp-content\/uploads\/sites\/5\/2025\/06\/garden.png\" alt=\"\" class=\"wp-image-136\" style=\"aspect-ratio:1;object-fit:cover\" srcset=\"https:\/\/dadouda-musiclive.fr\/travail\/wp-content\/uploads\/sites\/5\/2025\/06\/garden.png 800w, https:\/\/dadouda-musiclive.fr\/travail\/wp-content\/uploads\/sites\/5\/2025\/06\/garden-300x300.png 300w, https:\/\/dadouda-musiclive.fr\/travail\/wp-content\/uploads\/sites\/5\/2025\/06\/garden-150x150.png 150w, https:\/\/dadouda-musiclive.fr\/travail\/wp-content\/uploads\/sites\/5\/2025\/06\/garden-768x768.png 768w\" sizes=\"(max-width: 800px) 100vw, 800px\" \/><\/a><\/figure>\n<\/div>\n\n\n\n<div class=\"wp-block-column is-vertically-aligned-center has-global-padding is-content-justification-left is-layout-constrained wp-container-core-column-is-layout-12dd3699 wp-block-column-is-layout-constrained\">\n<p class=\"has-text-color has-link-color wp-elements-057a30c49a0ea8ca56c1081877f7442c\" style=\"color:#ffbf00;font-size:clamp(27.894px, 1.743rem + ((1vw - 3.2px) * 2.285), 48px);\">GARDEN PARTY<\/p>\n\n\n\n<hr class=\"wp-block-separator has-alpha-channel-opacity\"\/>\n\n\n\n<p class=\"has-22-font-size\">Plongez vos invit\u00e9s dans une ambiance chaleureuse et authentique avec nos formules acoustiques.<\/p>\n\n\n\n<p class=\"has-22-font-size\">Des formations \u00e9tudi\u00e9es selon la configuration et le th\u00e8me de votre \u00e9v\u00e8nement, de 1 \u00e0 4 musiciens, id\u00e9ales pour vos cocktails ou garden party.<\/p>\n\n\n\n<p class=\"has-20-font-size\"><strong><em>\/&nbsp; &nbsp;Adaptable \u00e0 chaque type d\u2019\u00e9v\u00e8nement, public, priv\u00e9 ou corporate<br>\/&nbsp; &nbsp;Convivialit\u00e9 assur\u00e9e<br>\/&nbsp; &nbsp;Interactivit\u00e9 avec les participants<\/em><\/strong><\/p>\n\n\n\n<div class=\"wp-block-buttons has-custom-font-size has-medium-font-size is-horizontal is-content-justification-left is-layout-flex wp-container-core-buttons-is-layout-24e424e4 wp-block-buttons-is-layout-flex\" style=\"margin-top:20px;padding-top:0;padding-bottom:0\">\n<div class=\"wp-block-button has-custom-width wp-block-button__width-50 is-style-outline is-style-outline--1\"><a class=\"wp-block-button__link has-text-color has-background has-archivo-font-family has-text-align-center has-custom-font-size wp-element-button\" href=\"https:\/\/dadouda-musiclive.fr\/travail\/garden-party-2\/\" style=\"border-style:none;border-width:0px;border-radius:20rem;color:#fffffd;background:linear-gradient(135deg,rgb(72,100,131) 0%,rgb(28,32,37) 100%);padding-top:0.71rem;padding-right:0.31rem;padding-bottom:0.71rem;padding-left:0.31rem;font-size:clamp(0.875rem, 0.875rem + ((1vw - 0.2rem) * 0.245), 1.01rem);font-style:normal;font-weight:400;letter-spacing:1px;line-height:1.5;text-transform:uppercase\">VOIR LES ARTISTES<\/a><\/div>\n<\/div>\n<\/div>\n<\/div>\n<\/div>\n<\/div>\n\n\n\n<div class=\"wp-block-group alignfull has-global-padding is-layout-constrained wp-container-core-group-is-layout-d9fa9046 wp-block-group-is-layout-constrained\" style=\"padding-top:var(--wp--preset--spacing--50);padding-bottom:var(--wp--preset--spacing--50)\">\n<div class=\"wp-block-group alignwide has-global-padding is-layout-constrained wp-container-core-group-is-layout-a62fa364 wp-block-group-is-layout-constrained\" style=\"margin-top:0;margin-bottom:0;padding-top:0px;padding-bottom:0px\">\n<div class=\"wp-block-columns is-layout-flex wp-container-core-columns-is-layout-92515837 wp-block-columns-is-layout-flex\">\n<div class=\"wp-block-column is-layout-flow wp-block-column-is-layout-flow\" style=\"padding-right:0;padding-left:0\">\n<figure class=\"wp-block-image alignleft size-full\" style=\"margin-top:0;margin-bottom:0\"><a href=\"https:\/\/dadouda-musiclive.fr\/travail\/tribute-band\/\"><img decoding=\"async\" width=\"800\" height=\"800\" src=\"http:\/\/dadouda-musiclive.fr\/travail\/wp-content\/uploads\/sites\/5\/2025\/06\/tribute.png\" alt=\"\" class=\"wp-image-138\" style=\"aspect-ratio:1;object-fit:cover\" srcset=\"https:\/\/dadouda-musiclive.fr\/travail\/wp-content\/uploads\/sites\/5\/2025\/06\/tribute.png 800w, https:\/\/dadouda-musiclive.fr\/travail\/wp-content\/uploads\/sites\/5\/2025\/06\/tribute-300x300.png 300w, https:\/\/dadouda-musiclive.fr\/travail\/wp-content\/uploads\/sites\/5\/2025\/06\/tribute-150x150.png 150w, https:\/\/dadouda-musiclive.fr\/travail\/wp-content\/uploads\/sites\/5\/2025\/06\/tribute-768x768.png 768w\" sizes=\"(max-width: 800px) 100vw, 800px\" \/><\/a><\/figure>\n<\/div>\n\n\n\n<div class=\"wp-block-column is-vertically-aligned-center has-global-padding is-content-justification-left is-layout-constrained wp-container-core-column-is-layout-12dd3699 wp-block-column-is-layout-constrained\">\n<p class=\"has-text-color has-link-color wp-elements-6b286fbb86ff8630e539b591eeb742a6\" style=\"color:#ffbf00;font-size:clamp(27.894px, 1.743rem + ((1vw - 3.2px) * 2.285), 48px);\">TRIBUTE BAND<\/p>\n\n\n\n<hr class=\"wp-block-separator has-alpha-channel-opacity\"\/>\n\n\n\n<p class=\"has-22-font-size\">(Re) vivez l\u2019\u00e9motion des plus grands noms de la musique \u00e0 travers des concerts hommage soigneusement produits, du duo acoustique feutr\u00e9 au groupe complet en version live puissante.<\/p>\n\n\n\n<p class=\"has-22-font-size\">Queen, Amy Winehouse, Coldplay, The Beatles ou encore, Jean Jacques Goldman, C\u00e9line Dion, Johnny Hallyday, et bien d\u2019autres\u2026 Les artistes revisitent fid\u00e8lement les r\u00e9pertoires embl\u00e9matiques de chanteurs et groupes mythiques.<\/p>\n\n\n\n<p class=\"has-20-font-size\"><strong><em><em><strong>\/ Effet \u00ab waouh \u00bb garanti<br>\/ \u00c9nergie et interaction totale<br>\/ 100% personnalisable<\/strong><\/em><\/em><\/strong><\/p>\n\n\n\n<div class=\"wp-block-buttons has-custom-font-size has-medium-font-size is-horizontal is-content-justification-left is-layout-flex wp-container-core-buttons-is-layout-24e424e4 wp-block-buttons-is-layout-flex\" style=\"margin-top:20px;padding-top:0;padding-bottom:0\">\n<div class=\"wp-block-button has-custom-width wp-block-button__width-50 is-style-outline is-style-outline--2\"><a class=\"wp-block-button__link has-text-color has-background has-archivo-font-family has-text-align-center has-custom-font-size wp-element-button\" href=\"https:\/\/dadouda-musiclive.fr\/travail\/tribute-band\/\" style=\"border-style:none;border-width:0px;border-radius:20rem;color:#fffffd;background:linear-gradient(135deg,rgb(72,100,131) 0%,rgb(28,32,37) 100%);padding-top:0.71rem;padding-right:0.31rem;padding-bottom:0.71rem;padding-left:0.31rem;font-size:clamp(0.875rem, 0.875rem + ((1vw - 0.2rem) * 0.245), 1.01rem);font-style:normal;font-weight:400;letter-spacing:1px;line-height:1.5;text-transform:uppercase\">VOIR LES ARTISTES<\/a><\/div>\n<\/div>\n<\/div>\n<\/div>\n<\/div>\n<\/div>\n\n\n\n<div class=\"wp-block-group alignfull has-global-padding is-layout-constrained wp-container-core-group-is-layout-d9fa9046 wp-block-group-is-layout-constrained\" style=\"padding-top:var(--wp--preset--spacing--50);padding-bottom:var(--wp--preset--spacing--50)\">\n<div class=\"wp-block-group alignwide has-global-padding is-layout-constrained wp-container-core-group-is-layout-a62fa364 wp-block-group-is-layout-constrained\" style=\"margin-top:0;margin-bottom:0;padding-top:0px;padding-bottom:0px\">\n<div class=\"wp-block-columns is-layout-flex wp-container-core-columns-is-layout-92515837 wp-block-columns-is-layout-flex\">\n<div class=\"wp-block-column is-layout-flow wp-block-column-is-layout-flow\" style=\"padding-right:0;padding-left:0\">\n<figure class=\"wp-block-image alignleft size-full\" style=\"margin-top:0;margin-bottom:0\"><img decoding=\"async\" width=\"800\" height=\"800\" src=\"http:\/\/dadouda-musiclive.fr\/travail\/wp-content\/uploads\/sites\/5\/2025\/06\/festif.png\" alt=\"\" class=\"wp-image-135\" style=\"aspect-ratio:1;object-fit:cover\" srcset=\"https:\/\/dadouda-musiclive.fr\/travail\/wp-content\/uploads\/sites\/5\/2025\/06\/festif.png 800w, https:\/\/dadouda-musiclive.fr\/travail\/wp-content\/uploads\/sites\/5\/2025\/06\/festif-300x300.png 300w, https:\/\/dadouda-musiclive.fr\/travail\/wp-content\/uploads\/sites\/5\/2025\/06\/festif-150x150.png 150w, https:\/\/dadouda-musiclive.fr\/travail\/wp-content\/uploads\/sites\/5\/2025\/06\/festif-768x768.png 768w\" sizes=\"(max-width: 800px) 100vw, 800px\" \/><\/figure>\n<\/div>\n\n\n\n<div class=\"wp-block-column is-vertically-aligned-center has-global-padding is-content-justification-left is-layout-constrained wp-container-core-column-is-layout-12dd3699 wp-block-column-is-layout-constrained\">\n<p class=\"has-text-color has-link-color wp-elements-76502f876dd0ff785692ba95bde6ee53\" style=\"color:#ffbf00;font-size:clamp(27.894px, 1.743rem + ((1vw - 3.2px) * 2.285), 48px);\">FESTIF<\/p>\n\n\n\n<hr class=\"wp-block-separator has-alpha-channel-opacity\"\/>\n\n\n\n<p class=\"has-22-font-size\">Faites vibrer votre soir\u00e9e avec nos groupes de 5 \u00e0 12 artistes, compos\u00e9s en fonction de votre \u00e9v\u00e9nement. Une vraie performance live qui transforme votre soir\u00e9e en show.<\/p>\n\n\n\n<p class=\"has-22-font-size\">Une formule \u00e9nergique et festive, id\u00e9ale pour mariages, s\u00e9minaires ou soir\u00e9es d\u2019entreprise.<\/p>\n\n\n\n<p class=\"has-22-font-size\">Musiciens, chanteurs et showmen s\u2019unissent pour faire danser vos invit\u00e9s jusqu\u2019au bout de la nuit gr\u00e2ce \u00e0 un r\u00e9pertoire qui s\u2019adapte \u00e0 toutes les g\u00e9n\u00e9rations.<\/p>\n\n\n\n<p class=\"has-20-font-size\"><strong><em><em><strong><em><strong>\/ \u00c9nergie sc\u00e9nique puissante<br>\/ Large r\u00e9pertoire dansant : funk, pop, soul, disco\u2026<br>\/ Format modulable selon l\u2019ambiance et la taille de l\u2019\u00e9v\u00e8nement<\/strong><\/em><\/strong><\/em><\/em><\/strong><\/p>\n\n\n\n<div class=\"wp-block-buttons has-custom-font-size has-medium-font-size is-horizontal is-content-justification-left is-layout-flex wp-container-core-buttons-is-layout-24e424e4 wp-block-buttons-is-layout-flex\" style=\"margin-top:20px;padding-top:0;padding-bottom:0\">\n<div class=\"wp-block-button has-custom-width wp-block-button__width-50 is-style-outline is-style-outline--3\"><a class=\"wp-block-button__link has-text-color has-background has-archivo-font-family has-text-align-center has-custom-font-size wp-element-button\" style=\"border-style:none;border-width:0px;border-radius:20rem;color:#fffffd;background:linear-gradient(135deg,rgb(72,100,131) 0%,rgb(28,32,37) 100%);padding-top:0.71rem;padding-right:0.31rem;padding-bottom:0.71rem;padding-left:0.31rem;font-size:clamp(0.875rem, 0.875rem + ((1vw - 0.2rem) * 0.245), 1.01rem);font-style:normal;font-weight:700;letter-spacing:1px;line-height:1.5;text-transform:uppercase\">VOIR LES ARTISTES<\/a><\/div>\n<\/div>\n<\/div>\n<\/div>\n<\/div>\n<\/div>\n\n\n\n<div class=\"wp-block-group alignfull has-global-padding is-layout-constrained wp-container-core-group-is-layout-d9fa9046 wp-block-group-is-layout-constrained\" style=\"padding-top:var(--wp--preset--spacing--50);padding-bottom:var(--wp--preset--spacing--50)\">\n<div class=\"wp-block-group alignwide has-global-padding is-layout-constrained wp-container-core-group-is-layout-a62fa364 wp-block-group-is-layout-constrained\" style=\"margin-top:0;margin-bottom:0;padding-top:0px;padding-bottom:0px\">\n<div class=\"wp-block-columns is-layout-flex wp-container-core-columns-is-layout-92515837 wp-block-columns-is-layout-flex\">\n<div class=\"wp-block-column is-layout-flow wp-block-column-is-layout-flow\" style=\"padding-right:0;padding-left:0\">\n<figure class=\"wp-block-image alignleft size-full\" style=\"margin-top:0;margin-bottom:0\"><a href=\"https:\/\/dadouda-musiclive.fr\/travail\/a-theme\/\"><img loading=\"lazy\" decoding=\"async\" width=\"800\" height=\"800\" src=\"http:\/\/dadouda-musiclive.fr\/travail\/wp-content\/uploads\/sites\/5\/2025\/06\/atheme.png\" alt=\"\" class=\"wp-image-134\" style=\"aspect-ratio:1;object-fit:cover\" srcset=\"https:\/\/dadouda-musiclive.fr\/travail\/wp-content\/uploads\/sites\/5\/2025\/06\/atheme.png 800w, https:\/\/dadouda-musiclive.fr\/travail\/wp-content\/uploads\/sites\/5\/2025\/06\/atheme-300x300.png 300w, https:\/\/dadouda-musiclive.fr\/travail\/wp-content\/uploads\/sites\/5\/2025\/06\/atheme-150x150.png 150w, https:\/\/dadouda-musiclive.fr\/travail\/wp-content\/uploads\/sites\/5\/2025\/06\/atheme-768x768.png 768w\" sizes=\"(max-width: 800px) 100vw, 800px\" \/><\/a><\/figure>\n<\/div>\n\n\n\n<div class=\"wp-block-column is-vertically-aligned-center has-global-padding is-content-justification-left is-layout-constrained wp-container-core-column-is-layout-12dd3699 wp-block-column-is-layout-constrained\">\n<p class=\"has-text-color has-link-color wp-elements-39a85ec94f99db33c1b75c312d8cd5f3\" style=\"color:#ffbf00;font-size:clamp(27.894px, 1.743rem + ((1vw - 3.2px) * 2.285), 48px);\">A TH\u00c8MES<\/p>\n\n\n\n<hr class=\"wp-block-separator has-alpha-channel-opacity\"\/>\n\n\n\n<p class=\"has-22-font-size\">Offrez une touche d\u2019originalit\u00e9 \u00e0 votre \u00e9v\u00e8nement avec nos groupes originaux : formation classique, gypsy, jazz manouche, ensemble vocal\u2026<\/p>\n\n\n\n<p class=\"has-22-font-size\">Une formule qui s\u2019adapte \u00e0 votre th\u00e8me, pour surprendre vos invit\u00e9s et marquer les esprits avec \u00e9l\u00e9gance, raffinement et caract\u00e8re.<\/p>\n\n\n\n<p class=\"has-20-font-size\"><strong><em><em><strong><em><strong><strong><em>\/&nbsp; &nbsp;Exp\u00e9rience unique et personnalis\u00e9e<br>\/&nbsp; &nbsp;Une proposition artistique rare et m\u00e9morable<br>\/&nbsp; &nbsp;Id\u00e9al pour cr\u00e9er un moment \u00e0 la fois chic et singulier<\/em><\/strong><\/strong><\/em><\/strong><\/em><\/em><\/strong><\/p>\n\n\n\n<div class=\"wp-block-buttons has-custom-font-size has-medium-font-size is-horizontal is-content-justification-left is-layout-flex wp-container-core-buttons-is-layout-24e424e4 wp-block-buttons-is-layout-flex\" style=\"margin-top:20px;padding-top:0;padding-bottom:0\">\n<div class=\"wp-block-button has-custom-width wp-block-button__width-50 is-style-outline is-style-outline--4\"><a class=\"wp-block-button__link has-text-color has-background has-archivo-font-family has-text-align-center has-custom-font-size wp-element-button\" href=\"https:\/\/dadouda-musiclive.fr\/travail\/a-theme\/\" style=\"border-style:none;border-width:0px;border-radius:20rem;color:#fffffd;background:linear-gradient(135deg,rgb(72,100,131) 0%,rgb(28,32,37) 100%);padding-top:0.71rem;padding-right:0.31rem;padding-bottom:0.71rem;padding-left:0.31rem;font-size:clamp(0.875rem, 0.875rem + ((1vw - 0.2rem) * 0.245), 1.01rem);font-style:normal;font-weight:700;letter-spacing:1px;line-height:1.5;text-transform:uppercase\">VOIR LES ARTISTES<\/a><\/div>\n<\/div>\n<\/div>\n<\/div>\n<\/div>\n<\/div>\n\n\n\n<div class=\"wp-block-group alignfull has-global-padding is-layout-constrained wp-container-core-group-is-layout-d9fa9046 wp-block-group-is-layout-constrained\" style=\"padding-top:var(--wp--preset--spacing--50);padding-bottom:var(--wp--preset--spacing--50)\">\n<div class=\"wp-block-group alignwide has-global-padding is-layout-constrained wp-container-core-group-is-layout-a62fa364 wp-block-group-is-layout-constrained\" style=\"margin-top:0;margin-bottom:0;padding-top:0px;padding-bottom:0px\">\n<div class=\"wp-block-columns is-layout-flex wp-container-core-columns-is-layout-92515837 wp-block-columns-is-layout-flex\">\n<div class=\"wp-block-column is-layout-flow wp-block-column-is-layout-flow\" style=\"padding-right:0;padding-left:0\">\n<figure class=\"wp-block-image alignleft size-full\" style=\"margin-top:0;margin-bottom:0\"><a href=\"https:\/\/dadouda-musiclive.fr\/travail\/karaoke-live-2\/\"><img loading=\"lazy\" decoding=\"async\" width=\"800\" height=\"800\" src=\"http:\/\/dadouda-musiclive.fr\/travail\/wp-content\/uploads\/sites\/5\/2025\/06\/karaoke.png\" alt=\"\" class=\"wp-image-137\" style=\"aspect-ratio:1;object-fit:cover\" srcset=\"https:\/\/dadouda-musiclive.fr\/travail\/wp-content\/uploads\/sites\/5\/2025\/06\/karaoke.png 800w, https:\/\/dadouda-musiclive.fr\/travail\/wp-content\/uploads\/sites\/5\/2025\/06\/karaoke-300x300.png 300w, https:\/\/dadouda-musiclive.fr\/travail\/wp-content\/uploads\/sites\/5\/2025\/06\/karaoke-150x150.png 150w, https:\/\/dadouda-musiclive.fr\/travail\/wp-content\/uploads\/sites\/5\/2025\/06\/karaoke-768x768.png 768w\" sizes=\"(max-width: 800px) 100vw, 800px\" \/><\/a><\/figure>\n<\/div>\n\n\n\n<div class=\"wp-block-column is-vertically-aligned-center has-global-padding is-content-justification-left is-layout-constrained wp-container-core-column-is-layout-12dd3699 wp-block-column-is-layout-constrained\">\n<p class=\"has-text-color has-link-color wp-elements-50c76dc449188efad3d364cd5f6362ab\" style=\"color:#ffbf00;font-size:clamp(27.894px, 1.743rem + ((1vw - 3.2px) * 2.285), 48px);\">KARAOK\u00c9 LIVE<\/p>\n\n\n\n<hr class=\"wp-block-separator has-alpha-channel-opacity\"\/>\n\n\n\n<p class=\"has-22-font-size\">Oubliez les bandes-son ! Deux musiciens professionnels vous accompagnent en direct, cr\u00e9ant une ambiance unique et une interaction spontan\u00e9e avec les chanteurs.<\/p>\n\n\n\n<p class=\"has-22-font-size\">Que ce soit pour un s\u00e9minaire, un anniversaire ou un mariage, votre \u00e9v\u00e9nement se transforme en une v\u00e9ritable sc\u00e8ne ouverte o\u00f9 chacun peut devenir la star.<\/p>\n\n\n\n<p class=\"has-22-font-size\">Pr\u00e9parez-vous \u00e0 chanter vos titres pr\u00e9f\u00e9r\u00e9s, port\u00e9 par l\u2019\u00e9nergie et la spontan\u00e9it\u00e9 d\u2019un concert acoustique en direct totalement participatif.<\/p>\n\n\n\n<p class=\"has-22-font-size\"><strong><em><em><strong><em><strong><strong><em><strong><em>\/ Interactivit\u00e9 et convivialit\u00e9 maximum<br>\/ Large r\u00e9pertoire des plus grands tubes fran\u00e7ais et internationaux<br>\/ Inscription simplifi\u00e9e via un simple QR code<\/em><\/strong><\/em><\/strong><\/strong><\/em><\/strong><\/em><\/em><\/strong><\/p>\n\n\n\n<div class=\"wp-block-buttons has-custom-font-size has-medium-font-size is-horizontal is-content-justification-left is-layout-flex wp-container-core-buttons-is-layout-24e424e4 wp-block-buttons-is-layout-flex\" style=\"margin-top:20px;padding-top:0;padding-bottom:0\">\n<div class=\"wp-block-button has-custom-width wp-block-button__width-50 is-style-outline is-style-outline--5\"><a class=\"wp-block-button__link has-text-color has-background has-archivo-font-family has-text-align-center has-custom-font-size wp-element-button\" href=\"https:\/\/dadouda-musiclive.fr\/travail\/karaoke-live-2\/\" style=\"border-style:none;border-width:0px;border-radius:20rem;color:#fffffd;background:linear-gradient(135deg,rgb(72,100,131) 0%,rgb(28,32,37) 100%);padding-top:0.71rem;padding-right:0.31rem;padding-bottom:0.71rem;padding-left:0.31rem;font-size:clamp(0.875rem, 0.875rem + ((1vw - 0.2rem) * 0.245), 1.01rem);font-style:normal;font-weight:700;letter-spacing:1px;line-height:1.5;text-transform:uppercase\">VOIR LES ARTISTES<\/a><\/div>\n<\/div>\n<\/div>\n<\/div>\n<\/div>\n<\/div>\n\n\n\n<div class=\"wp-block-group alignfull is-style-default is-layout-flow wp-block-group-is-layout-flow\" style=\"margin-top:0;margin-bottom:0;padding-top:0px;padding-bottom:0px\"><\/div>\n\n\n\n<section class=\"wp-block-cover alignfull wp-duotone-unset-6\" style=\"margin-top:50px;padding-top:0rem;padding-bottom:0rem;min-height:204px;aspect-ratio:unset;\"><img loading=\"lazy\" decoding=\"async\" width=\"1024\" height=\"186\" class=\"wp-block-cover__image-background wp-image-612 size-large\" alt=\"\" src=\"http:\/\/dadouda-musiclive.fr\/travail\/wp-content\/uploads\/sites\/5\/2025\/07\/Travail-bandeau-bas-page-artiste-1024x186.jpg\" data-object-fit=\"cover\" srcset=\"https:\/\/dadouda-musiclive.fr\/travail\/wp-content\/uploads\/sites\/5\/2025\/07\/Travail-bandeau-bas-page-artiste-1024x186.jpg 1024w, https:\/\/dadouda-musiclive.fr\/travail\/wp-content\/uploads\/sites\/5\/2025\/07\/Travail-bandeau-bas-page-artiste-300x54.jpg 300w, https:\/\/dadouda-musiclive.fr\/travail\/wp-content\/uploads\/sites\/5\/2025\/07\/Travail-bandeau-bas-page-artiste-768x139.jpg 768w, https:\/\/dadouda-musiclive.fr\/travail\/wp-content\/uploads\/sites\/5\/2025\/07\/Travail-bandeau-bas-page-artiste-1536x278.jpg 1536w, https:\/\/dadouda-musiclive.fr\/travail\/wp-content\/uploads\/sites\/5\/2025\/07\/Travail-bandeau-bas-page-artiste-2048x371.jpg 2048w\" sizes=\"(max-width: 1024px) 100vw, 1024px\" \/><span aria-hidden=\"true\" class=\"wp-block-cover__background has-background-dim-70 has-background-dim\" style=\"background-color:#225669\"><\/span><div class=\"wp-block-cover__inner-container has-global-padding is-layout-constrained wp-container-core-cover-is-layout-f2bce768 wp-block-cover-is-layout-constrained\">\n<div class=\"wp-block-group has-text-color is-layout-flow wp-block-group-is-layout-flow\" style=\"color:#fffffd;margin-top:0px;padding-top:0rem;padding-right:1rem;padding-bottom:0rem;padding-left:1rem;font-size:clamp(0.875rem, 0.875rem + ((1vw - 0.2rem) * 0.464), 1.13rem);font-style:normal;font-weight:400;line-height:1.4\">\n<div class=\"wp-block-group is-style-default has-global-padding is-layout-constrained wp-container-core-group-is-layout-bdbfdc43 wp-block-group-is-layout-constrained\">\n<h2 class=\"wp-block-heading has-text-align-center\" style=\"font-size:clamp(22.041px, 1.378rem + ((1vw - 3.2px) * 1.586), 36px);\">Vous souhaitez des conseils pour choisir les artistes adapt\u00e9s \u00e0 votre \u00e9v\u00e8nement ?<\/h2>\n<\/div>\n\n\n\n<div class=\"wp-block-group is-vertical is-content-justification-stretch is-layout-flex wp-container-core-group-is-layout-bfdebe91 wp-block-group-is-layout-flex\" style=\"margin-top:1.81rem;padding-right:0px;padding-left:0px\">\n<div class=\"wp-block-group has-global-padding is-content-justification-center is-layout-constrained wp-container-core-group-is-layout-2f0bcb29 wp-block-group-is-layout-constrained\" style=\"margin-top:0px\">\n<div class=\"wp-block-buttons is-horizontal is-content-justification-center is-layout-flex wp-container-core-buttons-is-layout-a300a970 wp-block-buttons-is-layout-flex\" style=\"margin-top:0.51rem\">\n<div class=\"wp-block-button has-custom-width wp-block-button__width-100 is-style-fill\"><a class=\"wp-block-button__link has-luminous-vivid-amber-to-luminous-vivid-orange-gradient-background has-text-color has-background has-archivo-font-family has-custom-font-size wp-element-button\" href=\"https:\/\/dadouda-musiclive.fr\/travail\/contact\/\" style=\"border-style:none;border-width:0px;border-radius:20rem;color:#fffffd;padding-top:0.71rem;padding-right:0.31rem;padding-bottom:0.71rem;padding-left:0.31rem;font-size:clamp(0.875rem, 0.875rem + ((1vw - 0.2rem) * 0.245), 1.01rem);font-style:normal;font-weight:700;line-height:1.5;text-transform:uppercase\">NOUS CONTACTER<\/a><\/div>\n<\/div>\n<\/div>\n<\/div>\n<\/div>\n<\/div><\/section>\n","protected":false},"excerpt":{"rendered":"<p>GARDEN PARTY Plongez vos invit\u00e9s dans une ambiance chaleureuse et authentique avec nos formules acoustiques. Des formations \u00e9tudi\u00e9es selon la configuration et le th\u00e8me de votre \u00e9v\u00e8nement, de 1 \u00e0 4 musiciens, id\u00e9ales pour vos cocktails ou garden party. \/&nbsp; &nbsp;Adaptable \u00e0 chaque type d\u2019\u00e9v\u00e8nement, public, priv\u00e9 ou corporate\/&nbsp; &nbsp;Convivialit\u00e9 assur\u00e9e\/&nbsp; &nbsp;Interactivit\u00e9 avec les participants [&hellip;]<\/p>\n","protected":false},"author":1,"featured_media":82,"parent":0,"menu_order":0,"comment_status":"closed","ping_status":"closed","template":"","meta":{"footnotes":""},"class_list":["post-16","page","type-page","status-publish","has-post-thumbnail","hentry"],"_links":{"self":[{"href":"https:\/\/dadouda-musiclive.fr\/travail\/wp-json\/wp\/v2\/pages\/16","targetHints":{"allow":["GET"]}}],"collection":[{"href":"https:\/\/dadouda-musiclive.fr\/travail\/wp-json\/wp\/v2\/pages"}],"about":[{"href":"https:\/\/dadouda-musiclive.fr\/travail\/wp-json\/wp\/v2\/types\/page"}],"author":[{"embeddable":true,"href":"https:\/\/dadouda-musiclive.fr\/travail\/wp-json\/wp\/v2\/users\/1"}],"replies":[{"embeddable":true,"href":"https:\/\/dadouda-musiclive.fr\/travail\/wp-json\/wp\/v2\/comments?post=16"}],"version-history":[{"count":98,"href":"https:\/\/dadouda-musiclive.fr\/travail\/wp-json\/wp\/v2\/pages\/16\/revisions"}],"predecessor-version":[{"id":1281,"href":"https:\/\/dadouda-musiclive.fr\/travail\/wp-json\/wp\/v2\/pages\/16\/revisions\/1281"}],"wp:featuredmedia":[{"embeddable":true,"href":"https:\/\/dadouda-musiclive.fr\/travail\/wp-json\/wp\/v2\/media\/82"}],"wp:attachment":[{"href":"https:\/\/dadouda-musiclive.fr\/travail\/wp-json\/wp\/v2\/media?parent=16"}],"curies":[{"name":"wp","href":"https:\/\/api.w.org\/{rel}","templated":true}]}}