{"id":14,"date":"2025-05-06T06:26:45","date_gmt":"2025-05-06T06:26:45","guid":{"rendered":"https:\/\/yellowgreen-dugong-763332.hostingersite.com\/?page_id=14"},"modified":"2025-08-28T05:55:56","modified_gmt":"2025-08-28T05:55:56","slug":"a-propos","status":"publish","type":"page","link":"https:\/\/dadouda-musiclive.fr\/travail\/a-propos\/","title":{"rendered":"A propos"},"content":{"rendered":"\n<section class=\"wp-block-group alignwide has-global-padding is-layout-constrained wp-container-core-group-is-layout-e46402e1 wp-block-group-is-layout-constrained\" style=\"margin-top:0px;padding-top:0rem;padding-right:var(--wp--preset--spacing--50);padding-bottom:0rem;padding-left:var(--wp--preset--spacing--50);font-size:clamp(0.875rem, 0.875rem + ((1vw - 0.2rem) * 0.464), 1.13rem);font-style:normal;font-weight:400;line-height:1.4\">\n<div class=\"wp-block-columns is-layout-flex wp-container-core-columns-is-layout-828b69df wp-block-columns-is-layout-flex\" style=\"margin-bottom:0px\">\n<div class=\"wp-block-column is-vertically-aligned-center is-layout-flow wp-block-column-is-layout-flow\" style=\"flex-basis:50%\">\n<figure class=\"wp-block-image aligncenter size-full is-resized\"><img fetchpriority=\"high\" decoding=\"async\" width=\"600\" height=\"600\" src=\"http:\/\/dadouda-musiclive.fr\/travail\/wp-content\/uploads\/sites\/5\/2025\/07\/Montage-TotoNico_format-Ok.jpg\" alt=\"\" class=\"wp-image-442\" style=\"object-fit:cover;width:475px;height:auto\" srcset=\"https:\/\/dadouda-musiclive.fr\/travail\/wp-content\/uploads\/sites\/5\/2025\/07\/Montage-TotoNico_format-Ok.jpg 600w, https:\/\/dadouda-musiclive.fr\/travail\/wp-content\/uploads\/sites\/5\/2025\/07\/Montage-TotoNico_format-Ok-300x300.jpg 300w, https:\/\/dadouda-musiclive.fr\/travail\/wp-content\/uploads\/sites\/5\/2025\/07\/Montage-TotoNico_format-Ok-150x150.jpg 150w\" sizes=\"(max-width: 600px) 100vw, 600px\" \/><\/figure>\n<\/div>\n\n\n\n<div class=\"wp-block-column is-vertically-aligned-center has-global-padding is-content-justification-left is-layout-constrained wp-container-core-column-is-layout-75cada0b wp-block-column-is-layout-constrained\" style=\"padding-top:0;padding-bottom:0;flex-basis:50%\">\n<h2 class=\"wp-block-heading has-text-color has-link-color wp-elements-928ce1032867ec4fc08d6a78e2ced4eb\" style=\"color:#ffbf00;margin-top:var(--wp--preset--spacing--30);margin-bottom:var(--wp--preset--spacing--30);font-size:clamp(22.041px, 1.378rem + ((1vw - 3.2px) * 1.586), 36px);\">Qui sommes nous ?<\/h2>\n\n\n\n<p class=\"has-22-font-size\" style=\"margin-top:0;margin-bottom:0\">Bienvenue dans notre univers, celui o\u00f9 la sc\u00e8ne prend vie.<br>Orchestr\u00e9 par deux fr\u00e8res avec 25 ans d&rsquo;exp\u00e9rience musicale, la mission de Dadouda est de transformer chaque \u00e9v\u00e9nement en un spectacle m\u00e9morable, alliant art et performance.<br>Qu&rsquo;il s&rsquo;agisse d&rsquo;une garden party acoustique, d&rsquo;une soir\u00e9e dansante \u00e9lectrique, d&rsquo;un \u00e9v\u00e9nement sur mesure, d&rsquo;un concept th\u00e9matique immersif, d\u2019un tribute band fid\u00e8le ou m\u00eame d\u2019artistes originaux, nous garantissons une qualit\u00e9 irr\u00e9prochable et authentique.<br>Laissez notre cr\u00e9ativit\u00e9, notre professionalisme et notre originalit\u00e9 illuminer vos moments les plus pr\u00e9cieux.<\/p>\n\n\n\n<p class=\"has-22-font-size\" style=\"margin-top:var(--wp--preset--spacing--80);margin-bottom:var(--wp--preset--spacing--80)\"><\/p>\n<\/div>\n<\/div>\n<\/section>\n\n\n\n<div class=\"wp-block-group alignfull has-background has-global-padding is-layout-constrained wp-container-core-group-is-layout-d7efdf16 wp-block-group-is-layout-constrained\" style=\"background-color:#233e4f;padding-top:var(--wp--preset--spacing--50);padding-right:var(--wp--preset--spacing--50);padding-bottom:var(--wp--preset--spacing--50);padding-left:var(--wp--preset--spacing--50)\">\n<h2 class=\"wp-block-heading has-text-align-center has-text-color has-link-color wp-elements-f158fc974b02c28f5c9eb7140dd10838\" style=\"color:#ffbf00;font-size:clamp(22.041px, 1.378rem + ((1vw - 3.2px) * 1.586), 36px);\">L\u02bcorigine de notre passion<\/h2>\n\n\n\n<p class=\"has-22-font-size has-text-color has-link-color wp-elements-e7f79cd715f5d463421fb1c07765bad3\" style=\"color:#ffffff;margin-top:var(--wp--preset--spacing--50);margin-bottom:var(--wp--preset--spacing--50)\">Baign\u00e9s dans la musique et l&rsquo;art depuis notre plus tendre enfance, nous avons eu l&rsquo;immense privil\u00e8ge de consacrer 25 ans de notre carri\u00e8re \u00e0 ces passions. Ce parcours nous a men\u00e9s aux quatre coins du monde, nous offrant l&rsquo;occasion de partager la sc\u00e8ne avec des Stars internationales : Elton John, Toto, M, ZZ Top, Keane. Ainsi que de grosses formules \u00e9v\u00e8nementielles.<br>Toutes ces exp\u00e9riences ont nourri notre regard passionn\u00e9 et forg\u00e9 notre d\u00e9sir profond : offrir aux artistes de talent la vitrine et la visibilit\u00e9 qu&rsquo;ils m\u00e9ritent. Nous sommes convaincus que les musiciens d&rsquo;exception doivent \u00eatre mis en lumi\u00e8re, et c&rsquo;est cette conviction qui guide notre engagement aujourd&rsquo;hui.<\/p>\n\n\n\n<div class=\"wp-block-group has-global-padding is-content-justification-center is-layout-constrained wp-container-core-group-is-layout-2f0bcb29 wp-block-group-is-layout-constrained\" style=\"margin-top:0px\">\n<div class=\"wp-block-buttons is-horizontal is-content-justification-center is-layout-flex wp-container-core-buttons-is-layout-a300a970 wp-block-buttons-is-layout-flex\" style=\"margin-top:0.51rem\">\n<div class=\"wp-block-button has-custom-width wp-block-button__width-100 is-style-fill\"><a class=\"wp-block-button__link has-luminous-vivid-amber-to-luminous-vivid-orange-gradient-background has-text-color has-background has-archivo-font-family has-custom-font-size wp-element-button\" href=\"https:\/\/dadouda-musiclive.fr\/travail\/contact\/\" style=\"border-style:none;border-width:0px;border-radius:20rem;color:#fffffd;padding-top:0.71rem;padding-right:0.31rem;padding-bottom:0.71rem;padding-left:0.31rem;font-size:clamp(0.875rem, 0.875rem + ((1vw - 0.2rem) * 0.245), 1.01rem);font-style:normal;font-weight:700;line-height:1.5;text-transform:uppercase\">NOUS CONTACTER<\/a><\/div>\n<\/div>\n<\/div>\n<\/div>\n\n\n\n<section class=\"wp-block-group alignfull has-global-padding is-layout-constrained wp-container-core-group-is-layout-f751f213 wp-block-group-is-layout-constrained\" style=\"margin-top:0px;padding-top:1.9rem;padding-right:var(--wp--preset--spacing--50);padding-bottom:1.9rem;padding-left:var(--wp--preset--spacing--50);font-size:clamp(0.875rem, 0.875rem + ((1vw - 0.2rem) * 0.464), 1.13rem);font-style:normal;font-weight:400;line-height:1.4\">\n<div class=\"wp-block-columns is-layout-flex wp-container-core-columns-is-layout-6041483d wp-block-columns-is-layout-flex\" style=\"margin-bottom:0px;padding-right:0;padding-left:0\">\n<div class=\"wp-block-column is-vertically-aligned-center has-global-padding is-layout-constrained wp-container-core-column-is-layout-c4a7d96a wp-block-column-is-layout-constrained\" style=\"flex-basis:50%\">\n<h2 class=\"wp-block-heading has-text-color has-link-color wp-elements-c013fade38226d275b94b6c8f55ffe8c\" style=\"color:#ffbf00;font-size:clamp(22.041px, 1.378rem + ((1vw - 3.2px) * 1.586), 36px);\">Nos engagements<\/h2>\n\n\n\n<p class=\"has-22-font-size\" style=\"margin-top:var(--wp--preset--spacing--50);margin-bottom:var(--wp--preset--spacing--50)\">Nous croyons fermement en la puissance de la musique et de l\u02bcart pour rassembler les gens. Chaque performance que nous proposons est soigneusement s\u00e9lectionn\u00e9e pour garantir une exp\u00e9rience authentique et enrichissante. Nous nous engageons \u00e0 soutenir les artistes \u00e9mergents tout en offrant une plateforme pour des talents \u00e9tablis. La qualit\u00e9, la passion et l\u02bcinnovation sont au c\u0153ur de notre approche. Nous sommes l\u00e0 pour transformer vos \u00e9v\u00e9nements en moments inoubliables, en vous offrant des artistes qui sauront captiver et \u00e9merveiller votre public.<\/p>\n<\/div>\n\n\n\n<div class=\"wp-block-column is-vertically-aligned-center is-layout-flow wp-container-core-column-is-layout-3e8e1870 wp-block-column-is-layout-flow\" style=\"padding-right:0;padding-left:0;flex-basis:50%\">\n<figure class=\"wp-block-image aligncenter size-full has-custom-border\"><img decoding=\"async\" width=\"2560\" height=\"1696\" src=\"http:\/\/dadouda-musiclive.fr\/travail\/wp-content\/uploads\/sites\/5\/2025\/07\/pexels-thibault-trillet-44912-167636-scaled.jpg\" alt=\"\" class=\"has-border-color has-tertiary-border-color wp-image-350\" style=\"border-width:1px;aspect-ratio:1;object-fit:cover\" srcset=\"https:\/\/dadouda-musiclive.fr\/travail\/wp-content\/uploads\/sites\/5\/2025\/07\/pexels-thibault-trillet-44912-167636-scaled.jpg 2560w, https:\/\/dadouda-musiclive.fr\/travail\/wp-content\/uploads\/sites\/5\/2025\/07\/pexels-thibault-trillet-44912-167636-300x199.jpg 300w, https:\/\/dadouda-musiclive.fr\/travail\/wp-content\/uploads\/sites\/5\/2025\/07\/pexels-thibault-trillet-44912-167636-1024x678.jpg 1024w, https:\/\/dadouda-musiclive.fr\/travail\/wp-content\/uploads\/sites\/5\/2025\/07\/pexels-thibault-trillet-44912-167636-768x509.jpg 768w, https:\/\/dadouda-musiclive.fr\/travail\/wp-content\/uploads\/sites\/5\/2025\/07\/pexels-thibault-trillet-44912-167636-1536x1017.jpg 1536w, https:\/\/dadouda-musiclive.fr\/travail\/wp-content\/uploads\/sites\/5\/2025\/07\/pexels-thibault-trillet-44912-167636-2048x1356.jpg 2048w\" sizes=\"(max-width: 2560px) 100vw, 2560px\" \/><\/figure>\n<\/div>\n<\/div>\n<\/section>\n","protected":false},"excerpt":{"rendered":"<p>Qui sommes nous ? Bienvenue dans notre univers, celui o\u00f9 la sc\u00e8ne prend vie.Orchestr\u00e9 par deux fr\u00e8res avec 25 ans d&rsquo;exp\u00e9rience musicale, la mission de Dadouda est de transformer chaque \u00e9v\u00e9nement en un spectacle m\u00e9morable, alliant art et performance.Qu&rsquo;il s&rsquo;agisse d&rsquo;une garden party acoustique, d&rsquo;une soir\u00e9e dansante \u00e9lectrique, d&rsquo;un \u00e9v\u00e9nement sur mesure, d&rsquo;un concept th\u00e9matique [&hellip;]<\/p>\n","protected":false},"author":1,"featured_media":0,"parent":0,"menu_order":0,"comment_status":"closed","ping_status":"closed","template":"","meta":{"footnotes":""},"class_list":["post-14","page","type-page","status-publish","hentry"],"_links":{"self":[{"href":"https:\/\/dadouda-musiclive.fr\/travail\/wp-json\/wp\/v2\/pages\/14","targetHints":{"allow":["GET"]}}],"collection":[{"href":"https:\/\/dadouda-musiclive.fr\/travail\/wp-json\/wp\/v2\/pages"}],"about":[{"href":"https:\/\/dadouda-musiclive.fr\/travail\/wp-json\/wp\/v2\/types\/page"}],"author":[{"embeddable":true,"href":"https:\/\/dadouda-musiclive.fr\/travail\/wp-json\/wp\/v2\/users\/1"}],"replies":[{"embeddable":true,"href":"https:\/\/dadouda-musiclive.fr\/travail\/wp-json\/wp\/v2\/comments?post=14"}],"version-history":[{"count":39,"href":"https:\/\/dadouda-musiclive.fr\/travail\/wp-json\/wp\/v2\/pages\/14\/revisions"}],"predecessor-version":[{"id":1219,"href":"https:\/\/dadouda-musiclive.fr\/travail\/wp-json\/wp\/v2\/pages\/14\/revisions\/1219"}],"wp:attachment":[{"href":"https:\/\/dadouda-musiclive.fr\/travail\/wp-json\/wp\/v2\/media?parent=14"}],"curies":[{"name":"wp","href":"https:\/\/api.w.org\/{rel}","templated":true}]}}